{"id":988552,"date":"2023-05-10T23:46:03","date_gmt":"2023-05-10T21:46:03","guid":{"rendered":"https:\/\/pfk.hr\/?post_type=product&#038;p=988552"},"modified":"2023-05-10T23:47:49","modified_gmt":"2023-05-10T21:47:49","slug":"covpas-kom-se-lopta-valja","status":"publish","type":"product","link":"https:\/\/pfk.hr\/2023\/product\/covpas-kom-se-lopta-valja\/","title":{"rendered":"\u010covpas kom se lopta valja"},"content":{"rendered":"<div class=\"hHq9Z\">\n<div data-hveid=\"CAsQAA\">\n<div class=\"gyEfO\">\n<div class=\"wDYxhc NFQFxe viOShc LKPcQc\" data-md=\"221\" data-hveid=\"CAkQAA\" data-ved=\"2ahUKEwjJ7dyf2-P-AhX5wQIHHf6aC2MQnKEBegQICRAA\">\n<div class=\"ZxoDOe yGdMVd\">\n<div class=\"UFE1qd\">\n<div class=\"EGmpye\">\n<p><strong>Dav Pilkey<\/strong><\/p>\n<\/div>\n<\/div>\n<\/div>\n<\/div>\n<\/div>\n<\/div>\n<\/div>\n<div class=\"GRl5yb a8pxAe\">\n<div id=\"JTPWx\" class=\"FJIcp\" role=\"tablist\" data-hveid=\"CA0QAA\">Naklada: Mozaik knjiga<\/div>\n<\/div>\n<hr \/>\n<p style=\"text-align: left;\">Zakon ekipa revno poma\u017ee \u010covpasu da prekine svoje lo\u0161e navike. Ali kad njegove opsesije postanu njegovi strahovi, \u010covpas postaje idealna meta za nikad vi\u0111enog zlikovca! Istovremeno, ma\u010dak Frki napokon je pu\u0161ten iz zatvora i zapo\u010dinje graditi novi \u017eivot s Malim Frkijem. No, kad se na pragu pojavi Frkijev otac, morat \u0107e se suo\u010diti sa svojom pro\u0161losti \u0161to uistinu zna\u010di \u010diniti dobro.<\/p>\n<p><a href=\"https:\/\/mozaik-knjiga.hr\/proizvod\/covpas-kom-se-lopta-valja\/\" target=\"_blank\" rel=\"noopener\">Saznajte vi\u0161e&#8230;<\/a><\/p>\n<hr \/>\n<p>REDOVNA CIJENA: 15,90 \u20ac \/ 119,80 kn<br \/>\n<strong><span style=\"color: #ff0000;\">CIJENA S POPUSTOM: 14,00 \u20ac \/ 105,48 kn<\/span><\/strong><\/p>\n","protected":false},"excerpt":{"rendered":"<p>Dav Pilkey Naklada: Mozaik knjiga Zakon ekipa revno poma\u017ee \u010covpasu da prekine svoje lo\u0161e navike. Ali kad njegove opsesije postanu njegovi strahovi, \u010covpas postaje idealna meta za nikad vi\u0111enog zlikovca! Istovremeno, ma\u010dak Frki napokon je pu\u0161ten iz zatvora i zapo\u010dinje graditi novi \u017eivot s Malim Frkijem. No, kad se na pragu pojavi Frkijev otac, morat&#8230;<\/p>\n","protected":false},"featured_media":988535,"template":"","meta":[],"product_cat":[86],"product_tag":[],"class_list":["post-988552","product","type-product","status-publish","has-post-thumbnail","hentry","product_cat-knjige"],"acf":[],"yoast_head":"<!-- This site is optimized with the Yoast SEO plugin v20.7 - https:\/\/yoast.com\/wordpress\/plugins\/seo\/ -->\n<title>\u010covpas kom se lopta valja - Panonski festival knjige<\/title>\n<meta name=\"robots\" content=\"index, follow, max-snippet:-1, max-image-preview:large, max-video-preview:-1\" \/>\n<link rel=\"canonical\" href=\"https:\/\/pfk.hr\/2023\/product\/covpas-kom-se-lopta-valja\/\" \/>\n<meta property=\"og:locale\" content=\"hr_HR\" \/>\n<meta property=\"og:type\" content=\"article\" \/>\n<meta property=\"og:title\" content=\"\u010covpas kom se lopta valja - Panonski festival knjige\" \/>\n<meta property=\"og:description\" content=\"Dav Pilkey Naklada: Mozaik knjiga Zakon ekipa revno poma\u017ee \u010covpasu da prekine svoje lo\u0161e navike. Ali kad njegove opsesije postanu njegovi strahovi, \u010covpas postaje idealna meta za nikad vi\u0111enog zlikovca! Istovremeno, ma\u010dak Frki napokon je pu\u0161ten iz zatvora i zapo\u010dinje graditi novi \u017eivot s Malim Frkijem. No, kad se na pragu pojavi Frkijev otac, morat...\" \/>\n<meta property=\"og:url\" content=\"https:\/\/pfk.hr\/2023\/product\/covpas-kom-se-lopta-valja\/\" \/>\n<meta property=\"og:site_name\" content=\"Panonski festival knjige\" \/>\n<meta property=\"article:modified_time\" content=\"2023-05-10T21:47:49+00:00\" \/>\n<meta property=\"og:image\" content=\"https:\/\/pfk.hr\/2023\/wp-content\/uploads\/2023\/05\/4.jpg\" \/>\n\t<meta property=\"og:image:width\" content=\"500\" \/>\n\t<meta property=\"og:image:height\" content=\"500\" \/>\n\t<meta property=\"og:image:type\" content=\"image\/jpeg\" \/>\n<meta name=\"twitter:card\" content=\"summary_large_image\" \/>\n<script type=\"application\/ld+json\" class=\"yoast-schema-graph\">{\"@context\":\"https:\/\/schema.org\",\"@graph\":[{\"@type\":\"WebPage\",\"@id\":\"https:\/\/pfk.hr\/2023\/product\/covpas-kom-se-lopta-valja\/\",\"url\":\"https:\/\/pfk.hr\/2023\/product\/covpas-kom-se-lopta-valja\/\",\"name\":\"\u010covpas kom se lopta valja - Panonski festival knjige\",\"isPartOf\":{\"@id\":\"https:\/\/pfk.hr\/2023\/#website\"},\"datePublished\":\"2023-05-10T21:46:03+00:00\",\"dateModified\":\"2023-05-10T21:47:49+00:00\",\"breadcrumb\":{\"@id\":\"https:\/\/pfk.hr\/2023\/product\/covpas-kom-se-lopta-valja\/#breadcrumb\"},\"inLanguage\":\"hr\",\"potentialAction\":[{\"@type\":\"ReadAction\",\"target\":[\"https:\/\/pfk.hr\/2023\/product\/covpas-kom-se-lopta-valja\/\"]}]},{\"@type\":\"BreadcrumbList\",\"@id\":\"https:\/\/pfk.hr\/2023\/product\/covpas-kom-se-lopta-valja\/#breadcrumb\",\"itemListElement\":[{\"@type\":\"ListItem\",\"position\":1,\"name\":\"Po\u010detna stranica\",\"item\":\"https:\/\/pfk.hr\/2023\/\"},{\"@type\":\"ListItem\",\"position\":2,\"name\":\"Preporuka naslova\",\"item\":\"https:\/\/pfk.hr\/2023\/preporuka-naslova\/\"},{\"@type\":\"ListItem\",\"position\":3,\"name\":\"\u010covpas kom se lopta valja\"}]},{\"@type\":\"WebSite\",\"@id\":\"https:\/\/pfk.hr\/2023\/#website\",\"url\":\"https:\/\/pfk.hr\/2023\/\",\"name\":\"Panonski festival knjige\",\"description\":\"\u010cITAJ, LEGA, \u010cITAJ!\",\"potentialAction\":[{\"@type\":\"SearchAction\",\"target\":{\"@type\":\"EntryPoint\",\"urlTemplate\":\"https:\/\/pfk.hr\/2023\/?s={search_term_string}\"},\"query-input\":\"required name=search_term_string\"}],\"inLanguage\":\"hr\"}]}<\/script>\n<!-- \/ Yoast SEO plugin. -->","yoast_head_json":{"title":"\u010covpas kom se lopta valja - Panonski festival knjige","robots":{"index":"index","follow":"follow","max-snippet":"max-snippet:-1","max-image-preview":"max-image-preview:large","max-video-preview":"max-video-preview:-1"},"canonical":"https:\/\/pfk.hr\/2023\/product\/covpas-kom-se-lopta-valja\/","og_locale":"hr_HR","og_type":"article","og_title":"\u010covpas kom se lopta valja - Panonski festival knjige","og_description":"Dav Pilkey Naklada: Mozaik knjiga Zakon ekipa revno poma\u017ee \u010covpasu da prekine svoje lo\u0161e navike. Ali kad njegove opsesije postanu njegovi strahovi, \u010covpas postaje idealna meta za nikad vi\u0111enog zlikovca! Istovremeno, ma\u010dak Frki napokon je pu\u0161ten iz zatvora i zapo\u010dinje graditi novi \u017eivot s Malim Frkijem. No, kad se na pragu pojavi Frkijev otac, morat...","og_url":"https:\/\/pfk.hr\/2023\/product\/covpas-kom-se-lopta-valja\/","og_site_name":"Panonski festival knjige","article_modified_time":"2023-05-10T21:47:49+00:00","og_image":[{"width":500,"height":500,"url":"https:\/\/pfk.hr\/2023\/wp-content\/uploads\/2023\/05\/4.jpg","type":"image\/jpeg"}],"twitter_card":"summary_large_image","schema":{"@context":"https:\/\/schema.org","@graph":[{"@type":"WebPage","@id":"https:\/\/pfk.hr\/2023\/product\/covpas-kom-se-lopta-valja\/","url":"https:\/\/pfk.hr\/2023\/product\/covpas-kom-se-lopta-valja\/","name":"\u010covpas kom se lopta valja - Panonski festival knjige","isPartOf":{"@id":"https:\/\/pfk.hr\/2023\/#website"},"datePublished":"2023-05-10T21:46:03+00:00","dateModified":"2023-05-10T21:47:49+00:00","breadcrumb":{"@id":"https:\/\/pfk.hr\/2023\/product\/covpas-kom-se-lopta-valja\/#breadcrumb"},"inLanguage":"hr","potentialAction":[{"@type":"ReadAction","target":["https:\/\/pfk.hr\/2023\/product\/covpas-kom-se-lopta-valja\/"]}]},{"@type":"BreadcrumbList","@id":"https:\/\/pfk.hr\/2023\/product\/covpas-kom-se-lopta-valja\/#breadcrumb","itemListElement":[{"@type":"ListItem","position":1,"name":"Po\u010detna stranica","item":"https:\/\/pfk.hr\/2023\/"},{"@type":"ListItem","position":2,"name":"Preporuka naslova","item":"https:\/\/pfk.hr\/2023\/preporuka-naslova\/"},{"@type":"ListItem","position":3,"name":"\u010covpas kom se lopta valja"}]},{"@type":"WebSite","@id":"https:\/\/pfk.hr\/2023\/#website","url":"https:\/\/pfk.hr\/2023\/","name":"Panonski festival knjige","description":"\u010cITAJ, LEGA, \u010cITAJ!","potentialAction":[{"@type":"SearchAction","target":{"@type":"EntryPoint","urlTemplate":"https:\/\/pfk.hr\/2023\/?s={search_term_string}"},"query-input":"required name=search_term_string"}],"inLanguage":"hr"}]}},"_links":{"self":[{"href":"https:\/\/pfk.hr\/2023\/wp-json\/wp\/v2\/product\/988552","targetHints":{"allow":["GET"]}}],"collection":[{"href":"https:\/\/pfk.hr\/2023\/wp-json\/wp\/v2\/product"}],"about":[{"href":"https:\/\/pfk.hr\/2023\/wp-json\/wp\/v2\/types\/product"}],"wp:featuredmedia":[{"embeddable":true,"href":"https:\/\/pfk.hr\/2023\/wp-json\/wp\/v2\/media\/988535"}],"wp:attachment":[{"href":"https:\/\/pfk.hr\/2023\/wp-json\/wp\/v2\/media?parent=988552"}],"wp:term":[{"taxonomy":"product_cat","embeddable":true,"href":"https:\/\/pfk.hr\/2023\/wp-json\/wp\/v2\/product_cat?post=988552"},{"taxonomy":"product_tag","embeddable":true,"href":"https:\/\/pfk.hr\/2023\/wp-json\/wp\/v2\/product_tag?post=988552"}],"curies":[{"name":"wp","href":"https:\/\/api.w.org\/{rel}","templated":true}]}}