{"id":988545,"date":"2023-05-10T23:13:13","date_gmt":"2023-05-10T21:13:13","guid":{"rendered":"https:\/\/pfk.hr\/?post_type=product&#038;p=988545"},"modified":"2023-05-10T23:28:21","modified_gmt":"2023-05-10T21:28:21","slug":"udaljena-zvijezda","status":"publish","type":"product","link":"https:\/\/pfk.hr\/2023\/product\/udaljena-zvijezda\/","title":{"rendered":"Udaljena zvijezda"},"content":{"rendered":"<div class=\"hHq9Z\">\n<div data-hveid=\"CAsQAA\">\n<div class=\"gyEfO\">\n<div class=\"wDYxhc NFQFxe viOShc LKPcQc\" data-md=\"221\" data-hveid=\"CAkQAA\" data-ved=\"2ahUKEwjJ7dyf2-P-AhX5wQIHHf6aC2MQnKEBegQICRAA\">\n<div class=\"ZxoDOe yGdMVd\">\n<div class=\"UFE1qd\">\n<div class=\"EGmpye\">\n<p><strong>Roberto Bola\u00f1o<\/strong><\/p>\n<\/div>\n<\/div>\n<\/div>\n<\/div>\n<\/div>\n<\/div>\n<\/div>\n<div class=\"GRl5yb a8pxAe\">\n<div id=\"JTPWx\" class=\"FJIcp\" role=\"tablist\" data-hveid=\"CA0QAA\">Naklada: Edicije Bo\u017ei\u010devi\u0107<\/div>\n<\/div>\n<hr \/>\n<p>(Anti)junak Udaljene zvijezde zapravo nije pripovjeda\u010d, Bola\u00f1ovim \u010ditateljima ve\u0107 poznati Arturo Belano, najsli\u010dniji autoru od svih njegovih pripovjeda\u010da, nego Alberto Ruiz-Tagle, zloglasni Carlos Wieder, pjesnik, multimedijalni umjetnik, otmi\u010dar i ubojica, prema kojemu pripovjeda\u010d osje\u0107a divljenje i zazor, strah i ga\u0111enje. Nakon \u0161to se njihov kolega s pjesni\u010dkih radionica i susreta razotkrije kao pilot i \u010dasnik krvavog re\u017eima, njegov mra\u010dni trag pripovjeda\u010d \u0107e pronalaziti posvuda, i ne\u0107e se mo\u0107i rije\u0161iti sjene karizmati\u010dnog i ludog Wiedera gotovo cijelog svog \u017eivota.<\/p>\n<p>U tipi\u010dnoj bolanjovskoj maniri, u ovom se romanu istovremeno daje sjajan opis kakve li\u010dnosti isplivavaju na povr\u0161inu za diktatorskih re\u017eima i satirizira se status umjetnosti pred krhko\u0161\u0107u ne\u010dega kao \u0161to je ljudski \u017eivot. U jednom od svojih najboljih kratkih romana, Bola\u00f1o majstorski opisuje jezivost autokratskih re\u017eima te njihovih podanika i pronositelja. Prava knji\u017eevna poslastica za sve ljubitelje autorova djela.<\/p>\n<p>\u201eMnogi \u010dileanski autori pisali su o krvavim godinama Pinochetova re\u017eima, o otmicama i umorstvima, ali nitko o tome nije pisao tako veli\u010danstveno i tako mra\u010dno kao Roberto Bola\u00f1o.&#8221;<\/p>\n<p>Richard Eder, The New York Times<\/p>\n<p><a href=\"https:\/\/www.edicije-bozicevic.com\/katalog\/udaljena-zvijezda\/\" target=\"_blank\" rel=\"noopener\">Saznaj vi\u0161e&#8230;<\/a><\/p>\n<hr \/>\n<p>Redovna cijena: 18 \u20ac<br \/>\n<span style=\"color: #ff0000;\"><strong>Akcijska cijena: 14,5 \u20ac<\/strong><\/span><\/p>\n<p>&nbsp;<\/p>\n","protected":false},"excerpt":{"rendered":"<p>Roberto Bola\u00f1o Naklada: Edicije Bo\u017ei\u010devi\u0107 (Anti)junak Udaljene zvijezde zapravo nije pripovjeda\u010d, Bola\u00f1ovim \u010ditateljima ve\u0107 poznati Arturo Belano, najsli\u010dniji autoru od svih njegovih pripovjeda\u010da, nego Alberto Ruiz-Tagle, zloglasni Carlos Wieder, pjesnik, multimedijalni umjetnik, otmi\u010dar i ubojica, prema kojemu pripovjeda\u010d osje\u0107a divljenje i zazor, strah i ga\u0111enje. Nakon \u0161to se njihov kolega s pjesni\u010dkih radionica i susreta&#8230;<\/p>\n","protected":false},"featured_media":988526,"template":"","meta":[],"product_cat":[86],"product_tag":[],"class_list":["post-988545","product","type-product","status-publish","has-post-thumbnail","hentry","product_cat-knjige"],"acf":[],"yoast_head":"<!-- This site is optimized with the Yoast SEO plugin v20.7 - https:\/\/yoast.com\/wordpress\/plugins\/seo\/ -->\n<title>Udaljena zvijezda - Panonski festival knjige<\/title>\n<meta name=\"robots\" content=\"index, follow, max-snippet:-1, max-image-preview:large, max-video-preview:-1\" \/>\n<link rel=\"canonical\" href=\"https:\/\/pfk.hr\/2023\/product\/udaljena-zvijezda\/\" \/>\n<meta property=\"og:locale\" content=\"hr_HR\" \/>\n<meta property=\"og:type\" content=\"article\" \/>\n<meta property=\"og:title\" content=\"Udaljena zvijezda - Panonski festival knjige\" \/>\n<meta property=\"og:description\" content=\"Roberto Bola\u00f1o Naklada: Edicije Bo\u017ei\u010devi\u0107 (Anti)junak Udaljene zvijezde zapravo nije pripovjeda\u010d, Bola\u00f1ovim \u010ditateljima ve\u0107 poznati Arturo Belano, najsli\u010dniji autoru od svih njegovih pripovjeda\u010da, nego Alberto Ruiz-Tagle, zloglasni Carlos Wieder, pjesnik, multimedijalni umjetnik, otmi\u010dar i ubojica, prema kojemu pripovjeda\u010d osje\u0107a divljenje i zazor, strah i ga\u0111enje. Nakon \u0161to se njihov kolega s pjesni\u010dkih radionica i susreta...\" \/>\n<meta property=\"og:url\" content=\"https:\/\/pfk.hr\/2023\/product\/udaljena-zvijezda\/\" \/>\n<meta property=\"og:site_name\" content=\"Panonski festival knjige\" \/>\n<meta property=\"article:modified_time\" content=\"2023-05-10T21:28:21+00:00\" \/>\n<meta property=\"og:image\" content=\"https:\/\/pfk.hr\/2023\/wp-content\/uploads\/2023\/05\/19.jpg\" \/>\n\t<meta property=\"og:image:width\" content=\"500\" \/>\n\t<meta property=\"og:image:height\" content=\"500\" \/>\n\t<meta property=\"og:image:type\" content=\"image\/jpeg\" \/>\n<meta name=\"twitter:card\" content=\"summary_large_image\" \/>\n<meta name=\"twitter:label1\" content=\"Procijenjeno vrijeme \u010ditanja\" \/>\n\t<meta name=\"twitter:data1\" content=\"1 minuta\" \/>\n<script type=\"application\/ld+json\" class=\"yoast-schema-graph\">{\"@context\":\"https:\/\/schema.org\",\"@graph\":[{\"@type\":\"WebPage\",\"@id\":\"https:\/\/pfk.hr\/2023\/product\/udaljena-zvijezda\/\",\"url\":\"https:\/\/pfk.hr\/2023\/product\/udaljena-zvijezda\/\",\"name\":\"Udaljena zvijezda - Panonski festival knjige\",\"isPartOf\":{\"@id\":\"https:\/\/pfk.hr\/2023\/#website\"},\"datePublished\":\"2023-05-10T21:13:13+00:00\",\"dateModified\":\"2023-05-10T21:28:21+00:00\",\"breadcrumb\":{\"@id\":\"https:\/\/pfk.hr\/2023\/product\/udaljena-zvijezda\/#breadcrumb\"},\"inLanguage\":\"hr\",\"potentialAction\":[{\"@type\":\"ReadAction\",\"target\":[\"https:\/\/pfk.hr\/2023\/product\/udaljena-zvijezda\/\"]}]},{\"@type\":\"BreadcrumbList\",\"@id\":\"https:\/\/pfk.hr\/2023\/product\/udaljena-zvijezda\/#breadcrumb\",\"itemListElement\":[{\"@type\":\"ListItem\",\"position\":1,\"name\":\"Po\u010detna stranica\",\"item\":\"https:\/\/pfk.hr\/2023\/\"},{\"@type\":\"ListItem\",\"position\":2,\"name\":\"Preporuka naslova\",\"item\":\"https:\/\/pfk.hr\/2023\/preporuka-naslova\/\"},{\"@type\":\"ListItem\",\"position\":3,\"name\":\"Udaljena zvijezda\"}]},{\"@type\":\"WebSite\",\"@id\":\"https:\/\/pfk.hr\/2023\/#website\",\"url\":\"https:\/\/pfk.hr\/2023\/\",\"name\":\"Panonski festival knjige\",\"description\":\"\u010cITAJ, LEGA, \u010cITAJ!\",\"potentialAction\":[{\"@type\":\"SearchAction\",\"target\":{\"@type\":\"EntryPoint\",\"urlTemplate\":\"https:\/\/pfk.hr\/2023\/?s={search_term_string}\"},\"query-input\":\"required name=search_term_string\"}],\"inLanguage\":\"hr\"}]}<\/script>\n<!-- \/ Yoast SEO plugin. -->","yoast_head_json":{"title":"Udaljena zvijezda - Panonski festival knjige","robots":{"index":"index","follow":"follow","max-snippet":"max-snippet:-1","max-image-preview":"max-image-preview:large","max-video-preview":"max-video-preview:-1"},"canonical":"https:\/\/pfk.hr\/2023\/product\/udaljena-zvijezda\/","og_locale":"hr_HR","og_type":"article","og_title":"Udaljena zvijezda - Panonski festival knjige","og_description":"Roberto Bola\u00f1o Naklada: Edicije Bo\u017ei\u010devi\u0107 (Anti)junak Udaljene zvijezde zapravo nije pripovjeda\u010d, Bola\u00f1ovim \u010ditateljima ve\u0107 poznati Arturo Belano, najsli\u010dniji autoru od svih njegovih pripovjeda\u010da, nego Alberto Ruiz-Tagle, zloglasni Carlos Wieder, pjesnik, multimedijalni umjetnik, otmi\u010dar i ubojica, prema kojemu pripovjeda\u010d osje\u0107a divljenje i zazor, strah i ga\u0111enje. Nakon \u0161to se njihov kolega s pjesni\u010dkih radionica i susreta...","og_url":"https:\/\/pfk.hr\/2023\/product\/udaljena-zvijezda\/","og_site_name":"Panonski festival knjige","article_modified_time":"2023-05-10T21:28:21+00:00","og_image":[{"width":500,"height":500,"url":"https:\/\/pfk.hr\/2023\/wp-content\/uploads\/2023\/05\/19.jpg","type":"image\/jpeg"}],"twitter_card":"summary_large_image","twitter_misc":{"Procijenjeno vrijeme \u010ditanja":"1 minuta"},"schema":{"@context":"https:\/\/schema.org","@graph":[{"@type":"WebPage","@id":"https:\/\/pfk.hr\/2023\/product\/udaljena-zvijezda\/","url":"https:\/\/pfk.hr\/2023\/product\/udaljena-zvijezda\/","name":"Udaljena zvijezda - Panonski festival knjige","isPartOf":{"@id":"https:\/\/pfk.hr\/2023\/#website"},"datePublished":"2023-05-10T21:13:13+00:00","dateModified":"2023-05-10T21:28:21+00:00","breadcrumb":{"@id":"https:\/\/pfk.hr\/2023\/product\/udaljena-zvijezda\/#breadcrumb"},"inLanguage":"hr","potentialAction":[{"@type":"ReadAction","target":["https:\/\/pfk.hr\/2023\/product\/udaljena-zvijezda\/"]}]},{"@type":"BreadcrumbList","@id":"https:\/\/pfk.hr\/2023\/product\/udaljena-zvijezda\/#breadcrumb","itemListElement":[{"@type":"ListItem","position":1,"name":"Po\u010detna stranica","item":"https:\/\/pfk.hr\/2023\/"},{"@type":"ListItem","position":2,"name":"Preporuka naslova","item":"https:\/\/pfk.hr\/2023\/preporuka-naslova\/"},{"@type":"ListItem","position":3,"name":"Udaljena zvijezda"}]},{"@type":"WebSite","@id":"https:\/\/pfk.hr\/2023\/#website","url":"https:\/\/pfk.hr\/2023\/","name":"Panonski festival knjige","description":"\u010cITAJ, LEGA, \u010cITAJ!","potentialAction":[{"@type":"SearchAction","target":{"@type":"EntryPoint","urlTemplate":"https:\/\/pfk.hr\/2023\/?s={search_term_string}"},"query-input":"required name=search_term_string"}],"inLanguage":"hr"}]}},"_links":{"self":[{"href":"https:\/\/pfk.hr\/2023\/wp-json\/wp\/v2\/product\/988545","targetHints":{"allow":["GET"]}}],"collection":[{"href":"https:\/\/pfk.hr\/2023\/wp-json\/wp\/v2\/product"}],"about":[{"href":"https:\/\/pfk.hr\/2023\/wp-json\/wp\/v2\/types\/product"}],"wp:featuredmedia":[{"embeddable":true,"href":"https:\/\/pfk.hr\/2023\/wp-json\/wp\/v2\/media\/988526"}],"wp:attachment":[{"href":"https:\/\/pfk.hr\/2023\/wp-json\/wp\/v2\/media?parent=988545"}],"wp:term":[{"taxonomy":"product_cat","embeddable":true,"href":"https:\/\/pfk.hr\/2023\/wp-json\/wp\/v2\/product_cat?post=988545"},{"taxonomy":"product_tag","embeddable":true,"href":"https:\/\/pfk.hr\/2023\/wp-json\/wp\/v2\/product_tag?post=988545"}],"curies":[{"name":"wp","href":"https:\/\/api.w.org\/{rel}","templated":true}]}}