{"id":988543,"date":"2023-05-10T23:04:29","date_gmt":"2023-05-10T21:04:29","guid":{"rendered":"https:\/\/pfk.hr\/?post_type=product&#038;p=988543"},"modified":"2023-05-10T23:39:47","modified_gmt":"2023-05-10T21:39:47","slug":"prica-o-tri-kovjeka-veseli-igrokaz-o-krumpirima-i-ljudima","status":"publish","type":"product","link":"https:\/\/pfk.hr\/2023\/product\/prica-o-tri-kovjeka-veseli-igrokaz-o-krumpirima-i-ljudima\/","title":{"rendered":"Pri\u010da o tri kovjeka"},"content":{"rendered":"<div class=\"hHq9Z\">\n<div data-hveid=\"CAsQAA\">\n<div class=\"gyEfO\">\n<div class=\"wDYxhc NFQFxe viOShc LKPcQc\" data-md=\"221\" data-hveid=\"CAkQAA\" data-ved=\"2ahUKEwjJ7dyf2-P-AhX5wQIHHf6aC2MQnKEBegQICRAA\">\n<div class=\"ZxoDOe yGdMVd\">\n<div class=\"UFE1qd\">\n<div class=\"EGmpye\">\n<p>(Veseli igrokaz o krumpirima i ljudima)<\/p>\n<p><strong>Deniza Marasovi\u0107<\/strong><br \/>\nIlustracije: <strong>Mirta Boban<\/strong><\/p>\n<\/div>\n<\/div>\n<\/div>\n<\/div>\n<\/div>\n<\/div>\n<\/div>\n<div class=\"GRl5yb a8pxAe\">\n<div id=\"JTPWx\" class=\"FJIcp\" role=\"tablist\" data-hveid=\"CA0QAA\">Naklada: FoMa<\/div>\n<\/div>\n<hr \/>\n<p>Igrokaz Pri\u010da o tri Kovjeka neobi\u010dna je pri\u010da, koju nam je ispri\u010dala prof. logoped Deniza Marasovi\u0107. Njena \u010dudesna ma\u0161ta i \u017eelja da pomogne malim \u010dita\u010dima koji ponekad malo te\u017ee sla\u017eu rije\u010di stvorile su veseli igrokaz neobi\u010dnih pustolovina, likova i rije\u010di. Ma\u0161tovite, vesele ilustracije mlade i darovite slikarice Mirte Boban djecu \u0107e odnijeti u \u010dudesan \u0161areni svijet krumpira i ljudi.<\/p>\n<p>Igrokaz je izlet u svijet ma\u0161te, slaganje novih rije\u010di, malo samopouzdanja\u2026 Krumpiri koji spa\u0161avaju jedni druge i \u017eele biti kao ljudi. Dobri ljudi, koji poma\u017eu jedni drugima\u2026 Nevjerojatnost veselja u ilustracijama daje dodatnu vrijednost ovoj slikovnici. Velike vesele o\u010di i ozareni obra\u0161\u010di\u0107i na svakom od ova tri Kovjeka, ruke ra\u0161irene za zagrljaj, \u010dine svaki dio pri\u010de jo\u0161 \u010darobnijim i od nje \u010dini jo\u0161 ve\u0107u \u010daroliju\u2026. I tada, nemogu\u0107e postaje mogu\u0107e kad dovoljno dugo sanja\u0161 isti san!<\/p>\n<hr \/>\n<p><span style=\"color: #ff0000;\"><strong>Cijena = 7,30 \u20ac<\/strong><\/span><\/p>\n","protected":false},"excerpt":{"rendered":"<p>(Veseli igrokaz o krumpirima i ljudima) Deniza Marasovi\u0107 Ilustracije: Mirta Boban Naklada: FoMa Igrokaz Pri\u010da o tri Kovjeka neobi\u010dna je pri\u010da, koju nam je ispri\u010dala prof. logoped Deniza Marasovi\u0107. Njena \u010dudesna ma\u0161ta i \u017eelja da pomogne malim \u010dita\u010dima koji ponekad malo te\u017ee sla\u017eu rije\u010di stvorile su veseli igrokaz neobi\u010dnih pustolovina, likova i rije\u010di. Ma\u0161tovite, vesele&#8230;<\/p>\n","protected":false},"featured_media":988525,"template":"","meta":[],"product_cat":[86],"product_tag":[],"class_list":["post-988543","product","type-product","status-publish","has-post-thumbnail","hentry","product_cat-knjige"],"acf":[],"yoast_head":"<!-- This site is optimized with the Yoast SEO plugin v20.7 - https:\/\/yoast.com\/wordpress\/plugins\/seo\/ -->\n<title>Pri\u010da o tri kovjeka - Panonski festival knjige<\/title>\n<meta name=\"robots\" content=\"index, follow, max-snippet:-1, max-image-preview:large, max-video-preview:-1\" \/>\n<link rel=\"canonical\" href=\"https:\/\/pfk.hr\/2023\/product\/prica-o-tri-kovjeka-veseli-igrokaz-o-krumpirima-i-ljudima\/\" \/>\n<meta property=\"og:locale\" content=\"hr_HR\" \/>\n<meta property=\"og:type\" content=\"article\" \/>\n<meta property=\"og:title\" content=\"Pri\u010da o tri kovjeka - Panonski festival knjige\" \/>\n<meta property=\"og:description\" content=\"(Veseli igrokaz o krumpirima i ljudima) Deniza Marasovi\u0107 Ilustracije: Mirta Boban Naklada: FoMa Igrokaz Pri\u010da o tri Kovjeka neobi\u010dna je pri\u010da, koju nam je ispri\u010dala prof. logoped Deniza Marasovi\u0107. Njena \u010dudesna ma\u0161ta i \u017eelja da pomogne malim \u010dita\u010dima koji ponekad malo te\u017ee sla\u017eu rije\u010di stvorile su veseli igrokaz neobi\u010dnih pustolovina, likova i rije\u010di. Ma\u0161tovite, vesele...\" \/>\n<meta property=\"og:url\" content=\"https:\/\/pfk.hr\/2023\/product\/prica-o-tri-kovjeka-veseli-igrokaz-o-krumpirima-i-ljudima\/\" \/>\n<meta property=\"og:site_name\" content=\"Panonski festival knjige\" \/>\n<meta property=\"article:modified_time\" content=\"2023-05-10T21:39:47+00:00\" \/>\n<meta property=\"og:image\" content=\"https:\/\/pfk.hr\/2023\/wp-content\/uploads\/2023\/05\/18.jpg\" \/>\n\t<meta property=\"og:image:width\" content=\"500\" \/>\n\t<meta property=\"og:image:height\" content=\"500\" \/>\n\t<meta property=\"og:image:type\" content=\"image\/jpeg\" \/>\n<meta name=\"twitter:card\" content=\"summary_large_image\" \/>\n<meta name=\"twitter:label1\" content=\"Procijenjeno vrijeme \u010ditanja\" \/>\n\t<meta name=\"twitter:data1\" content=\"1 minuta\" \/>\n<script type=\"application\/ld+json\" class=\"yoast-schema-graph\">{\"@context\":\"https:\/\/schema.org\",\"@graph\":[{\"@type\":\"WebPage\",\"@id\":\"https:\/\/pfk.hr\/2023\/product\/prica-o-tri-kovjeka-veseli-igrokaz-o-krumpirima-i-ljudima\/\",\"url\":\"https:\/\/pfk.hr\/2023\/product\/prica-o-tri-kovjeka-veseli-igrokaz-o-krumpirima-i-ljudima\/\",\"name\":\"Pri\u010da o tri kovjeka - Panonski festival knjige\",\"isPartOf\":{\"@id\":\"https:\/\/pfk.hr\/2023\/#website\"},\"datePublished\":\"2023-05-10T21:04:29+00:00\",\"dateModified\":\"2023-05-10T21:39:47+00:00\",\"breadcrumb\":{\"@id\":\"https:\/\/pfk.hr\/2023\/product\/prica-o-tri-kovjeka-veseli-igrokaz-o-krumpirima-i-ljudima\/#breadcrumb\"},\"inLanguage\":\"hr\",\"potentialAction\":[{\"@type\":\"ReadAction\",\"target\":[\"https:\/\/pfk.hr\/2023\/product\/prica-o-tri-kovjeka-veseli-igrokaz-o-krumpirima-i-ljudima\/\"]}]},{\"@type\":\"BreadcrumbList\",\"@id\":\"https:\/\/pfk.hr\/2023\/product\/prica-o-tri-kovjeka-veseli-igrokaz-o-krumpirima-i-ljudima\/#breadcrumb\",\"itemListElement\":[{\"@type\":\"ListItem\",\"position\":1,\"name\":\"Po\u010detna stranica\",\"item\":\"https:\/\/pfk.hr\/2023\/\"},{\"@type\":\"ListItem\",\"position\":2,\"name\":\"Preporuka naslova\",\"item\":\"https:\/\/pfk.hr\/2023\/preporuka-naslova\/\"},{\"@type\":\"ListItem\",\"position\":3,\"name\":\"Pri\u010da o tri kovjeka\"}]},{\"@type\":\"WebSite\",\"@id\":\"https:\/\/pfk.hr\/2023\/#website\",\"url\":\"https:\/\/pfk.hr\/2023\/\",\"name\":\"Panonski festival knjige\",\"description\":\"\u010cITAJ, LEGA, \u010cITAJ!\",\"potentialAction\":[{\"@type\":\"SearchAction\",\"target\":{\"@type\":\"EntryPoint\",\"urlTemplate\":\"https:\/\/pfk.hr\/2023\/?s={search_term_string}\"},\"query-input\":\"required name=search_term_string\"}],\"inLanguage\":\"hr\"}]}<\/script>\n<!-- \/ Yoast SEO plugin. -->","yoast_head_json":{"title":"Pri\u010da o tri kovjeka - Panonski festival knjige","robots":{"index":"index","follow":"follow","max-snippet":"max-snippet:-1","max-image-preview":"max-image-preview:large","max-video-preview":"max-video-preview:-1"},"canonical":"https:\/\/pfk.hr\/2023\/product\/prica-o-tri-kovjeka-veseli-igrokaz-o-krumpirima-i-ljudima\/","og_locale":"hr_HR","og_type":"article","og_title":"Pri\u010da o tri kovjeka - Panonski festival knjige","og_description":"(Veseli igrokaz o krumpirima i ljudima) Deniza Marasovi\u0107 Ilustracije: Mirta Boban Naklada: FoMa Igrokaz Pri\u010da o tri Kovjeka neobi\u010dna je pri\u010da, koju nam je ispri\u010dala prof. logoped Deniza Marasovi\u0107. Njena \u010dudesna ma\u0161ta i \u017eelja da pomogne malim \u010dita\u010dima koji ponekad malo te\u017ee sla\u017eu rije\u010di stvorile su veseli igrokaz neobi\u010dnih pustolovina, likova i rije\u010di. Ma\u0161tovite, vesele...","og_url":"https:\/\/pfk.hr\/2023\/product\/prica-o-tri-kovjeka-veseli-igrokaz-o-krumpirima-i-ljudima\/","og_site_name":"Panonski festival knjige","article_modified_time":"2023-05-10T21:39:47+00:00","og_image":[{"width":500,"height":500,"url":"https:\/\/pfk.hr\/2023\/wp-content\/uploads\/2023\/05\/18.jpg","type":"image\/jpeg"}],"twitter_card":"summary_large_image","twitter_misc":{"Procijenjeno vrijeme \u010ditanja":"1 minuta"},"schema":{"@context":"https:\/\/schema.org","@graph":[{"@type":"WebPage","@id":"https:\/\/pfk.hr\/2023\/product\/prica-o-tri-kovjeka-veseli-igrokaz-o-krumpirima-i-ljudima\/","url":"https:\/\/pfk.hr\/2023\/product\/prica-o-tri-kovjeka-veseli-igrokaz-o-krumpirima-i-ljudima\/","name":"Pri\u010da o tri kovjeka - Panonski festival knjige","isPartOf":{"@id":"https:\/\/pfk.hr\/2023\/#website"},"datePublished":"2023-05-10T21:04:29+00:00","dateModified":"2023-05-10T21:39:47+00:00","breadcrumb":{"@id":"https:\/\/pfk.hr\/2023\/product\/prica-o-tri-kovjeka-veseli-igrokaz-o-krumpirima-i-ljudima\/#breadcrumb"},"inLanguage":"hr","potentialAction":[{"@type":"ReadAction","target":["https:\/\/pfk.hr\/2023\/product\/prica-o-tri-kovjeka-veseli-igrokaz-o-krumpirima-i-ljudima\/"]}]},{"@type":"BreadcrumbList","@id":"https:\/\/pfk.hr\/2023\/product\/prica-o-tri-kovjeka-veseli-igrokaz-o-krumpirima-i-ljudima\/#breadcrumb","itemListElement":[{"@type":"ListItem","position":1,"name":"Po\u010detna stranica","item":"https:\/\/pfk.hr\/2023\/"},{"@type":"ListItem","position":2,"name":"Preporuka naslova","item":"https:\/\/pfk.hr\/2023\/preporuka-naslova\/"},{"@type":"ListItem","position":3,"name":"Pri\u010da o tri kovjeka"}]},{"@type":"WebSite","@id":"https:\/\/pfk.hr\/2023\/#website","url":"https:\/\/pfk.hr\/2023\/","name":"Panonski festival knjige","description":"\u010cITAJ, LEGA, \u010cITAJ!","potentialAction":[{"@type":"SearchAction","target":{"@type":"EntryPoint","urlTemplate":"https:\/\/pfk.hr\/2023\/?s={search_term_string}"},"query-input":"required name=search_term_string"}],"inLanguage":"hr"}]}},"_links":{"self":[{"href":"https:\/\/pfk.hr\/2023\/wp-json\/wp\/v2\/product\/988543","targetHints":{"allow":["GET"]}}],"collection":[{"href":"https:\/\/pfk.hr\/2023\/wp-json\/wp\/v2\/product"}],"about":[{"href":"https:\/\/pfk.hr\/2023\/wp-json\/wp\/v2\/types\/product"}],"wp:featuredmedia":[{"embeddable":true,"href":"https:\/\/pfk.hr\/2023\/wp-json\/wp\/v2\/media\/988525"}],"wp:attachment":[{"href":"https:\/\/pfk.hr\/2023\/wp-json\/wp\/v2\/media?parent=988543"}],"wp:term":[{"taxonomy":"product_cat","embeddable":true,"href":"https:\/\/pfk.hr\/2023\/wp-json\/wp\/v2\/product_cat?post=988543"},{"taxonomy":"product_tag","embeddable":true,"href":"https:\/\/pfk.hr\/2023\/wp-json\/wp\/v2\/product_tag?post=988543"}],"curies":[{"name":"wp","href":"https:\/\/api.w.org\/{rel}","templated":true}]}}