{"id":988542,"date":"2023-05-10T23:02:39","date_gmt":"2023-05-10T21:02:39","guid":{"rendered":"https:\/\/pfk.hr\/?post_type=product&#038;p=988542"},"modified":"2023-05-10T23:40:37","modified_gmt":"2023-05-10T21:40:37","slug":"elena-s-autizmom-u-skolu","status":"publish","type":"product","link":"https:\/\/pfk.hr\/2023\/product\/elena-s-autizmom-u-skolu\/","title":{"rendered":"Elena \u2013 s autizmom u \u0161kolu"},"content":{"rendered":"<div class=\"hHq9Z\">\n<div data-hveid=\"CAsQAA\">\n<div class=\"gyEfO\">\n<div class=\"wDYxhc NFQFxe viOShc LKPcQc\" data-md=\"221\" data-hveid=\"CAkQAA\" data-ved=\"2ahUKEwjJ7dyf2-P-AhX5wQIHHf6aC2MQnKEBegQICRAA\">\n<div class=\"ZxoDOe yGdMVd\">\n<div class=\"UFE1qd\">\n<div class=\"EGmpye\">\n<p><strong>Marina Ma\u0111eri\u0107<\/strong><\/p>\n<\/div>\n<\/div>\n<\/div>\n<\/div>\n<\/div>\n<\/div>\n<\/div>\n<div class=\"GRl5yb a8pxAe\">\n<div id=\"JTPWx\" class=\"FJIcp\" role=\"tablist\" data-hveid=\"CA0QAA\">Naklada: FoMa<\/div>\n<\/div>\n<hr \/>\n<p>\u201cDjeca s autizmom u redovnim \u0161kolama uglavnom lo\u0161e prolaze, ne zato \u0161to nemaju dovoljne intelektualne kapacitete. Prolaze lo\u0161e jer nemaju adekvatni obrazovni program. Prolaze lo\u0161e jer \u0161kole koje autisti\u010dnu djecu primaju, da zadovolje formu i da se mogu pohvaliti poticanjem inkluzije, o\u010dekuju da se ta ista autisti\u010dna djeca u \u0161koli pona\u0161aju poput sve druge \u201cobi\u010dne\u201d djece, umjesto da imaju razumijevanja za njihovu razli\u010ditost.\u201d<\/p>\n<p>Nakon prve knjige, \u201cNjezino veli\u010danstvo, Elena\u201d, u kojoj autorica hrabro, iskreno, ali i s humorom iznosi realnost roditelja i djeteta s te\u0161ko\u0107ama od ro\u0111enja do zavr\u0161etka vrti\u0107a, u drugoj knjizi Elena kre\u0107e u \u0161kolu. Susret sa redovnim obrazovanjem nije vesela pri\u010da, ali je opet iskrena. Ovog puta mo\u017eda bolno iskrena pri\u010da. No, i ovu knjigu Marina, hrabra majka, zavr\u0161ava sebi svojstvenim humorom:<\/p>\n<p>\u201cP.S. Svemiru, prijatelju, odustani. Budi pametniji, popusti prvi. Ionako ne\u0107e\u0161 pobijediti. To znamo i ti i ja.\u201d<br \/>\nPro\u010ditajte, jer nam svima treba vi\u0161e uvida u \u017eivot \u201cdrugih i druga\u010dijih\u201d, vi\u0161e razumijevanja i empatije, a mo\u017eda \u010dak i hrabrosti za nu\u017ene promjene.<\/p>\n<hr \/>\n<p><span style=\"color: #ff0000;\"><strong>Cijena = 11,81 \u20ac<\/strong><\/span><\/p>\n","protected":false},"excerpt":{"rendered":"<p>Marina Ma\u0111eri\u0107 Naklada: FoMa \u201cDjeca s autizmom u redovnim \u0161kolama uglavnom lo\u0161e prolaze, ne zato \u0161to nemaju dovoljne intelektualne kapacitete. Prolaze lo\u0161e jer nemaju adekvatni obrazovni program. Prolaze lo\u0161e jer \u0161kole koje autisti\u010dnu djecu primaju, da zadovolje formu i da se mogu pohvaliti poticanjem inkluzije, o\u010dekuju da se ta ista autisti\u010dna djeca u \u0161koli pona\u0161aju&#8230;<\/p>\n","protected":false},"featured_media":988524,"template":"","meta":[],"product_cat":[86],"product_tag":[],"class_list":["post-988542","product","type-product","status-publish","has-post-thumbnail","hentry","product_cat-knjige"],"acf":[],"yoast_head":"<!-- This site is optimized with the Yoast SEO plugin v20.7 - https:\/\/yoast.com\/wordpress\/plugins\/seo\/ -->\n<title>Elena \u2013 s autizmom u \u0161kolu - Panonski festival knjige<\/title>\n<meta name=\"robots\" content=\"index, follow, max-snippet:-1, max-image-preview:large, max-video-preview:-1\" \/>\n<link rel=\"canonical\" href=\"https:\/\/pfk.hr\/2023\/product\/elena-s-autizmom-u-skolu\/\" \/>\n<meta property=\"og:locale\" content=\"hr_HR\" \/>\n<meta property=\"og:type\" content=\"article\" \/>\n<meta property=\"og:title\" content=\"Elena \u2013 s autizmom u \u0161kolu - Panonski festival knjige\" \/>\n<meta property=\"og:description\" content=\"Marina Ma\u0111eri\u0107 Naklada: FoMa \u201cDjeca s autizmom u redovnim \u0161kolama uglavnom lo\u0161e prolaze, ne zato \u0161to nemaju dovoljne intelektualne kapacitete. Prolaze lo\u0161e jer nemaju adekvatni obrazovni program. Prolaze lo\u0161e jer \u0161kole koje autisti\u010dnu djecu primaju, da zadovolje formu i da se mogu pohvaliti poticanjem inkluzije, o\u010dekuju da se ta ista autisti\u010dna djeca u \u0161koli pona\u0161aju...\" \/>\n<meta property=\"og:url\" content=\"https:\/\/pfk.hr\/2023\/product\/elena-s-autizmom-u-skolu\/\" \/>\n<meta property=\"og:site_name\" content=\"Panonski festival knjige\" \/>\n<meta property=\"article:modified_time\" content=\"2023-05-10T21:40:37+00:00\" \/>\n<meta property=\"og:image\" content=\"https:\/\/pfk.hr\/2023\/wp-content\/uploads\/2023\/05\/17.jpg\" \/>\n\t<meta property=\"og:image:width\" content=\"500\" \/>\n\t<meta property=\"og:image:height\" content=\"500\" \/>\n\t<meta property=\"og:image:type\" content=\"image\/jpeg\" \/>\n<meta name=\"twitter:card\" content=\"summary_large_image\" \/>\n<meta name=\"twitter:label1\" content=\"Procijenjeno vrijeme \u010ditanja\" \/>\n\t<meta name=\"twitter:data1\" content=\"1 minuta\" \/>\n<script type=\"application\/ld+json\" class=\"yoast-schema-graph\">{\"@context\":\"https:\/\/schema.org\",\"@graph\":[{\"@type\":\"WebPage\",\"@id\":\"https:\/\/pfk.hr\/2023\/product\/elena-s-autizmom-u-skolu\/\",\"url\":\"https:\/\/pfk.hr\/2023\/product\/elena-s-autizmom-u-skolu\/\",\"name\":\"Elena \u2013 s autizmom u \u0161kolu - Panonski festival knjige\",\"isPartOf\":{\"@id\":\"https:\/\/pfk.hr\/2023\/#website\"},\"datePublished\":\"2023-05-10T21:02:39+00:00\",\"dateModified\":\"2023-05-10T21:40:37+00:00\",\"breadcrumb\":{\"@id\":\"https:\/\/pfk.hr\/2023\/product\/elena-s-autizmom-u-skolu\/#breadcrumb\"},\"inLanguage\":\"hr\",\"potentialAction\":[{\"@type\":\"ReadAction\",\"target\":[\"https:\/\/pfk.hr\/2023\/product\/elena-s-autizmom-u-skolu\/\"]}]},{\"@type\":\"BreadcrumbList\",\"@id\":\"https:\/\/pfk.hr\/2023\/product\/elena-s-autizmom-u-skolu\/#breadcrumb\",\"itemListElement\":[{\"@type\":\"ListItem\",\"position\":1,\"name\":\"Po\u010detna stranica\",\"item\":\"https:\/\/pfk.hr\/2023\/\"},{\"@type\":\"ListItem\",\"position\":2,\"name\":\"Preporuka naslova\",\"item\":\"https:\/\/pfk.hr\/2023\/preporuka-naslova\/\"},{\"@type\":\"ListItem\",\"position\":3,\"name\":\"Elena \u2013 s autizmom u \u0161kolu\"}]},{\"@type\":\"WebSite\",\"@id\":\"https:\/\/pfk.hr\/2023\/#website\",\"url\":\"https:\/\/pfk.hr\/2023\/\",\"name\":\"Panonski festival knjige\",\"description\":\"\u010cITAJ, LEGA, \u010cITAJ!\",\"potentialAction\":[{\"@type\":\"SearchAction\",\"target\":{\"@type\":\"EntryPoint\",\"urlTemplate\":\"https:\/\/pfk.hr\/2023\/?s={search_term_string}\"},\"query-input\":\"required name=search_term_string\"}],\"inLanguage\":\"hr\"}]}<\/script>\n<!-- \/ Yoast SEO plugin. -->","yoast_head_json":{"title":"Elena \u2013 s autizmom u \u0161kolu - Panonski festival knjige","robots":{"index":"index","follow":"follow","max-snippet":"max-snippet:-1","max-image-preview":"max-image-preview:large","max-video-preview":"max-video-preview:-1"},"canonical":"https:\/\/pfk.hr\/2023\/product\/elena-s-autizmom-u-skolu\/","og_locale":"hr_HR","og_type":"article","og_title":"Elena \u2013 s autizmom u \u0161kolu - Panonski festival knjige","og_description":"Marina Ma\u0111eri\u0107 Naklada: FoMa \u201cDjeca s autizmom u redovnim \u0161kolama uglavnom lo\u0161e prolaze, ne zato \u0161to nemaju dovoljne intelektualne kapacitete. Prolaze lo\u0161e jer nemaju adekvatni obrazovni program. Prolaze lo\u0161e jer \u0161kole koje autisti\u010dnu djecu primaju, da zadovolje formu i da se mogu pohvaliti poticanjem inkluzije, o\u010dekuju da se ta ista autisti\u010dna djeca u \u0161koli pona\u0161aju...","og_url":"https:\/\/pfk.hr\/2023\/product\/elena-s-autizmom-u-skolu\/","og_site_name":"Panonski festival knjige","article_modified_time":"2023-05-10T21:40:37+00:00","og_image":[{"width":500,"height":500,"url":"https:\/\/pfk.hr\/2023\/wp-content\/uploads\/2023\/05\/17.jpg","type":"image\/jpeg"}],"twitter_card":"summary_large_image","twitter_misc":{"Procijenjeno vrijeme \u010ditanja":"1 minuta"},"schema":{"@context":"https:\/\/schema.org","@graph":[{"@type":"WebPage","@id":"https:\/\/pfk.hr\/2023\/product\/elena-s-autizmom-u-skolu\/","url":"https:\/\/pfk.hr\/2023\/product\/elena-s-autizmom-u-skolu\/","name":"Elena \u2013 s autizmom u \u0161kolu - Panonski festival knjige","isPartOf":{"@id":"https:\/\/pfk.hr\/2023\/#website"},"datePublished":"2023-05-10T21:02:39+00:00","dateModified":"2023-05-10T21:40:37+00:00","breadcrumb":{"@id":"https:\/\/pfk.hr\/2023\/product\/elena-s-autizmom-u-skolu\/#breadcrumb"},"inLanguage":"hr","potentialAction":[{"@type":"ReadAction","target":["https:\/\/pfk.hr\/2023\/product\/elena-s-autizmom-u-skolu\/"]}]},{"@type":"BreadcrumbList","@id":"https:\/\/pfk.hr\/2023\/product\/elena-s-autizmom-u-skolu\/#breadcrumb","itemListElement":[{"@type":"ListItem","position":1,"name":"Po\u010detna stranica","item":"https:\/\/pfk.hr\/2023\/"},{"@type":"ListItem","position":2,"name":"Preporuka naslova","item":"https:\/\/pfk.hr\/2023\/preporuka-naslova\/"},{"@type":"ListItem","position":3,"name":"Elena \u2013 s autizmom u \u0161kolu"}]},{"@type":"WebSite","@id":"https:\/\/pfk.hr\/2023\/#website","url":"https:\/\/pfk.hr\/2023\/","name":"Panonski festival knjige","description":"\u010cITAJ, LEGA, \u010cITAJ!","potentialAction":[{"@type":"SearchAction","target":{"@type":"EntryPoint","urlTemplate":"https:\/\/pfk.hr\/2023\/?s={search_term_string}"},"query-input":"required name=search_term_string"}],"inLanguage":"hr"}]}},"_links":{"self":[{"href":"https:\/\/pfk.hr\/2023\/wp-json\/wp\/v2\/product\/988542","targetHints":{"allow":["GET"]}}],"collection":[{"href":"https:\/\/pfk.hr\/2023\/wp-json\/wp\/v2\/product"}],"about":[{"href":"https:\/\/pfk.hr\/2023\/wp-json\/wp\/v2\/types\/product"}],"wp:featuredmedia":[{"embeddable":true,"href":"https:\/\/pfk.hr\/2023\/wp-json\/wp\/v2\/media\/988524"}],"wp:attachment":[{"href":"https:\/\/pfk.hr\/2023\/wp-json\/wp\/v2\/media?parent=988542"}],"wp:term":[{"taxonomy":"product_cat","embeddable":true,"href":"https:\/\/pfk.hr\/2023\/wp-json\/wp\/v2\/product_cat?post=988542"},{"taxonomy":"product_tag","embeddable":true,"href":"https:\/\/pfk.hr\/2023\/wp-json\/wp\/v2\/product_tag?post=988542"}],"curies":[{"name":"wp","href":"https:\/\/api.w.org\/{rel}","templated":true}]}}