{"id":988479,"date":"2023-05-09T22:31:50","date_gmt":"2023-05-09T20:31:50","guid":{"rendered":"https:\/\/pfk.hr\/?post_type=product&#038;p=988479"},"modified":"2023-05-09T22:32:45","modified_gmt":"2023-05-09T20:32:45","slug":"kci-cvjecara","status":"publish","type":"product","link":"https:\/\/pfk.hr\/2023\/product\/kci-cvjecara\/","title":{"rendered":"K\u0107i cvje\u0107ara"},"content":{"rendered":"<div class=\"hHq9Z\">\n<div data-hveid=\"CAsQAA\">\n<div class=\"gyEfO\">\n<div class=\"wDYxhc NFQFxe viOShc LKPcQc\" data-md=\"221\" data-hveid=\"CAkQAA\" data-ved=\"2ahUKEwjJ7dyf2-P-AhX5wQIHHf6aC2MQnKEBegQICRAA\">\n<div class=\"ZxoDOe yGdMVd\">\n<div class=\"UFE1qd\">\n<div class=\"EGmpye\">\n<p><b>Martina Duvnjak<\/b><\/p>\n<\/div>\n<\/div>\n<\/div>\n<\/div>\n<\/div>\n<\/div>\n<\/div>\n<div class=\"GRl5yb a8pxAe\">\n<div id=\"JTPWx\" class=\"FJIcp\" role=\"tablist\" data-hveid=\"CA0QAA\">Naklada: Prof&amp;Graf<\/div>\n<\/div>\n<hr \/>\n<p>U vremenu kada mlade djevojke svoje dane provode sre\u0111uju\u0107i se i u\u017eivaju\u0107i u \u017eivotu, junakinja ovog romana svoju radost i u\u017eivanje pronalazi u cvije\u0107u. Dunja je k\u0107i cvje\u0107ara. Ljubav prema cvije\u0107u ro\u0111ena je s njom i nepovratno ugravirana u njeno srce. Ona vodi sasvim obi\u010dan \u017eivot. Uzgaja razne vrste cvije\u0107a i prodaje ih u svojoj cvje\u0107arni. Nadaleko je poznata po prelijepim aran\u017emanima koje pravi za lijepe, ali i za one manje lijepe trenutke.<\/p>\n<p>No, to je jedina ljubav koju ona ima\u2026 Sasvim obi\u010dan dan, pretvorit \u0107e se u ne\u0161to mnogo vi\u0161e od obi\u010dnog kada na vrata njene cvje\u0107arne pokuca Mateo. Mu\u0161karac koji vodi lagodan \u017eivot i ne razmi\u0161lja mnogo o svojim postupcima. \u0160to se dogodi kada se u njihov odnos umije\u0161a strast, nesporazum i na kraju ljubav \u2013 nastala na neobi\u010dnom mjestu?<\/p>\n","protected":false},"excerpt":{"rendered":"<p>Martina Duvnjak Naklada: Prof&amp;Graf U vremenu kada mlade djevojke svoje dane provode sre\u0111uju\u0107i se i u\u017eivaju\u0107i u \u017eivotu, junakinja ovog romana svoju radost i u\u017eivanje pronalazi u cvije\u0107u. Dunja je k\u0107i cvje\u0107ara. Ljubav prema cvije\u0107u ro\u0111ena je s njom i nepovratno ugravirana u njeno srce. Ona vodi sasvim obi\u010dan \u017eivot. Uzgaja razne vrste cvije\u0107a i&#8230;<\/p>\n","protected":false},"featured_media":988471,"template":"","meta":[],"product_cat":[86],"product_tag":[],"class_list":["post-988479","product","type-product","status-publish","has-post-thumbnail","hentry","product_cat-knjige"],"acf":[],"yoast_head":"<!-- This site is optimized with the Yoast SEO plugin v20.7 - https:\/\/yoast.com\/wordpress\/plugins\/seo\/ -->\n<title>K\u0107i cvje\u0107ara - Panonski festival knjige<\/title>\n<meta name=\"robots\" content=\"index, follow, max-snippet:-1, max-image-preview:large, max-video-preview:-1\" \/>\n<link rel=\"canonical\" href=\"https:\/\/pfk.hr\/2023\/product\/kci-cvjecara\/\" \/>\n<meta property=\"og:locale\" content=\"hr_HR\" \/>\n<meta property=\"og:type\" content=\"article\" \/>\n<meta property=\"og:title\" content=\"K\u0107i cvje\u0107ara - Panonski festival knjige\" \/>\n<meta property=\"og:description\" content=\"Martina Duvnjak Naklada: Prof&amp;Graf U vremenu kada mlade djevojke svoje dane provode sre\u0111uju\u0107i se i u\u017eivaju\u0107i u \u017eivotu, junakinja ovog romana svoju radost i u\u017eivanje pronalazi u cvije\u0107u. Dunja je k\u0107i cvje\u0107ara. Ljubav prema cvije\u0107u ro\u0111ena je s njom i nepovratno ugravirana u njeno srce. Ona vodi sasvim obi\u010dan \u017eivot. Uzgaja razne vrste cvije\u0107a i...\" \/>\n<meta property=\"og:url\" content=\"https:\/\/pfk.hr\/2023\/product\/kci-cvjecara\/\" \/>\n<meta property=\"og:site_name\" content=\"Panonski festival knjige\" \/>\n<meta property=\"article:modified_time\" content=\"2023-05-09T20:32:45+00:00\" \/>\n<meta property=\"og:image\" content=\"https:\/\/pfk.hr\/2023\/wp-content\/uploads\/2023\/05\/12.png\" \/>\n\t<meta property=\"og:image:width\" content=\"500\" \/>\n\t<meta property=\"og:image:height\" content=\"500\" \/>\n\t<meta property=\"og:image:type\" content=\"image\/png\" \/>\n<meta name=\"twitter:card\" content=\"summary_large_image\" \/>\n<meta name=\"twitter:label1\" content=\"Procijenjeno vrijeme \u010ditanja\" \/>\n\t<meta name=\"twitter:data1\" content=\"1 minuta\" \/>\n<script type=\"application\/ld+json\" class=\"yoast-schema-graph\">{\"@context\":\"https:\/\/schema.org\",\"@graph\":[{\"@type\":\"WebPage\",\"@id\":\"https:\/\/pfk.hr\/2023\/product\/kci-cvjecara\/\",\"url\":\"https:\/\/pfk.hr\/2023\/product\/kci-cvjecara\/\",\"name\":\"K\u0107i cvje\u0107ara - Panonski festival knjige\",\"isPartOf\":{\"@id\":\"https:\/\/pfk.hr\/2023\/#website\"},\"datePublished\":\"2023-05-09T20:31:50+00:00\",\"dateModified\":\"2023-05-09T20:32:45+00:00\",\"breadcrumb\":{\"@id\":\"https:\/\/pfk.hr\/2023\/product\/kci-cvjecara\/#breadcrumb\"},\"inLanguage\":\"hr\",\"potentialAction\":[{\"@type\":\"ReadAction\",\"target\":[\"https:\/\/pfk.hr\/2023\/product\/kci-cvjecara\/\"]}]},{\"@type\":\"BreadcrumbList\",\"@id\":\"https:\/\/pfk.hr\/2023\/product\/kci-cvjecara\/#breadcrumb\",\"itemListElement\":[{\"@type\":\"ListItem\",\"position\":1,\"name\":\"Po\u010detna stranica\",\"item\":\"https:\/\/pfk.hr\/2023\/\"},{\"@type\":\"ListItem\",\"position\":2,\"name\":\"Preporuka naslova\",\"item\":\"https:\/\/pfk.hr\/2023\/preporuka-naslova\/\"},{\"@type\":\"ListItem\",\"position\":3,\"name\":\"K\u0107i cvje\u0107ara\"}]},{\"@type\":\"WebSite\",\"@id\":\"https:\/\/pfk.hr\/2023\/#website\",\"url\":\"https:\/\/pfk.hr\/2023\/\",\"name\":\"Panonski festival knjige\",\"description\":\"\u010cITAJ, LEGA, \u010cITAJ!\",\"potentialAction\":[{\"@type\":\"SearchAction\",\"target\":{\"@type\":\"EntryPoint\",\"urlTemplate\":\"https:\/\/pfk.hr\/2023\/?s={search_term_string}\"},\"query-input\":\"required name=search_term_string\"}],\"inLanguage\":\"hr\"}]}<\/script>\n<!-- \/ Yoast SEO plugin. -->","yoast_head_json":{"title":"K\u0107i cvje\u0107ara - Panonski festival knjige","robots":{"index":"index","follow":"follow","max-snippet":"max-snippet:-1","max-image-preview":"max-image-preview:large","max-video-preview":"max-video-preview:-1"},"canonical":"https:\/\/pfk.hr\/2023\/product\/kci-cvjecara\/","og_locale":"hr_HR","og_type":"article","og_title":"K\u0107i cvje\u0107ara - Panonski festival knjige","og_description":"Martina Duvnjak Naklada: Prof&amp;Graf U vremenu kada mlade djevojke svoje dane provode sre\u0111uju\u0107i se i u\u017eivaju\u0107i u \u017eivotu, junakinja ovog romana svoju radost i u\u017eivanje pronalazi u cvije\u0107u. Dunja je k\u0107i cvje\u0107ara. Ljubav prema cvije\u0107u ro\u0111ena je s njom i nepovratno ugravirana u njeno srce. Ona vodi sasvim obi\u010dan \u017eivot. Uzgaja razne vrste cvije\u0107a i...","og_url":"https:\/\/pfk.hr\/2023\/product\/kci-cvjecara\/","og_site_name":"Panonski festival knjige","article_modified_time":"2023-05-09T20:32:45+00:00","og_image":[{"width":500,"height":500,"url":"https:\/\/pfk.hr\/2023\/wp-content\/uploads\/2023\/05\/12.png","type":"image\/png"}],"twitter_card":"summary_large_image","twitter_misc":{"Procijenjeno vrijeme \u010ditanja":"1 minuta"},"schema":{"@context":"https:\/\/schema.org","@graph":[{"@type":"WebPage","@id":"https:\/\/pfk.hr\/2023\/product\/kci-cvjecara\/","url":"https:\/\/pfk.hr\/2023\/product\/kci-cvjecara\/","name":"K\u0107i cvje\u0107ara - Panonski festival knjige","isPartOf":{"@id":"https:\/\/pfk.hr\/2023\/#website"},"datePublished":"2023-05-09T20:31:50+00:00","dateModified":"2023-05-09T20:32:45+00:00","breadcrumb":{"@id":"https:\/\/pfk.hr\/2023\/product\/kci-cvjecara\/#breadcrumb"},"inLanguage":"hr","potentialAction":[{"@type":"ReadAction","target":["https:\/\/pfk.hr\/2023\/product\/kci-cvjecara\/"]}]},{"@type":"BreadcrumbList","@id":"https:\/\/pfk.hr\/2023\/product\/kci-cvjecara\/#breadcrumb","itemListElement":[{"@type":"ListItem","position":1,"name":"Po\u010detna stranica","item":"https:\/\/pfk.hr\/2023\/"},{"@type":"ListItem","position":2,"name":"Preporuka naslova","item":"https:\/\/pfk.hr\/2023\/preporuka-naslova\/"},{"@type":"ListItem","position":3,"name":"K\u0107i cvje\u0107ara"}]},{"@type":"WebSite","@id":"https:\/\/pfk.hr\/2023\/#website","url":"https:\/\/pfk.hr\/2023\/","name":"Panonski festival knjige","description":"\u010cITAJ, LEGA, \u010cITAJ!","potentialAction":[{"@type":"SearchAction","target":{"@type":"EntryPoint","urlTemplate":"https:\/\/pfk.hr\/2023\/?s={search_term_string}"},"query-input":"required name=search_term_string"}],"inLanguage":"hr"}]}},"_links":{"self":[{"href":"https:\/\/pfk.hr\/2023\/wp-json\/wp\/v2\/product\/988479","targetHints":{"allow":["GET"]}}],"collection":[{"href":"https:\/\/pfk.hr\/2023\/wp-json\/wp\/v2\/product"}],"about":[{"href":"https:\/\/pfk.hr\/2023\/wp-json\/wp\/v2\/types\/product"}],"wp:featuredmedia":[{"embeddable":true,"href":"https:\/\/pfk.hr\/2023\/wp-json\/wp\/v2\/media\/988471"}],"wp:attachment":[{"href":"https:\/\/pfk.hr\/2023\/wp-json\/wp\/v2\/media?parent=988479"}],"wp:term":[{"taxonomy":"product_cat","embeddable":true,"href":"https:\/\/pfk.hr\/2023\/wp-json\/wp\/v2\/product_cat?post=988479"},{"taxonomy":"product_tag","embeddable":true,"href":"https:\/\/pfk.hr\/2023\/wp-json\/wp\/v2\/product_tag?post=988479"}],"curies":[{"name":"wp","href":"https:\/\/api.w.org\/{rel}","templated":true}]}}