{"id":988478,"date":"2023-05-09T22:29:47","date_gmt":"2023-05-09T20:29:47","guid":{"rendered":"https:\/\/pfk.hr\/?post_type=product&#038;p=988478"},"modified":"2023-05-09T22:31:42","modified_gmt":"2023-05-09T20:31:42","slug":"zgodni-usamljeni-streber","status":"publish","type":"product","link":"https:\/\/pfk.hr\/2023\/product\/zgodni-usamljeni-streber\/","title":{"rendered":"Zgodni usamljeni \u0161treber"},"content":{"rendered":"<div class=\"hHq9Z\">\n<div data-hveid=\"CAsQAA\">\n<div class=\"gyEfO\">\n<div class=\"wDYxhc NFQFxe viOShc LKPcQc\" data-md=\"221\" data-hveid=\"CAkQAA\" data-ved=\"2ahUKEwjJ7dyf2-P-AhX5wQIHHf6aC2MQnKEBegQICRAA\">\n<div class=\"ZxoDOe yGdMVd\">\n<div class=\"UFE1qd\">\n<div class=\"EGmpye\">\n<p><b>Sa\u0161a Jak\u0161i\u0107<\/b><\/p>\n<\/div>\n<\/div>\n<\/div>\n<\/div>\n<\/div>\n<\/div>\n<\/div>\n<div class=\"GRl5yb a8pxAe\">\n<div id=\"JTPWx\" class=\"FJIcp\" role=\"tablist\" data-hveid=\"CA0QAA\">Naklada: Prof&amp;Graf<\/div>\n<\/div>\n<hr \/>\n<p>Klara je neobi\u010dna mlada \u017eena koja je cijeli \u017eivot sanjala o tome da se preseli u gradi\u0107 na moru, gdje je ljetovala svake godine. Kada joj pukne film i shvati da ne mo\u017ee vi\u0161e kao socijalna radnica gledati svaki dan ljudsku nesre\u0107u, patnju, nasilje, ona ostavlja sve iza sebe, \u010dvrsto odlu\u010duju\u0107i da \u0107e prona\u0107i posao koji \u0107e raditi s gu\u0161tom. U\u017eivaju\u0107i u \u2018godi\u0161njem odmoru\u2019, odlu\u010di se malo posvetiti sebi i istra\u017eiti grad, a prvo \u0161to nalazi je kafi\u0107 koji joj se svidi jer ju podsje\u0107a na nju: sve je u tom kafi\u0107u nedefinirano, nije ure\u0111en do kraja, ali je pun \u017eivota i \u017eivopisnih likova kojima ona daje nadimke jer ne zna njihova imena.<\/p>\n<p>U svojim mislima konobara zove Mladac s dreadlocksima, a kako svaki dan tu pije svoju drugu jutarnju kavu, ubrzo upoznaje i Curu iz pekare, Seksi baku, U\u0161togljenu damu sa psom, \u0160eficu, Mladu mamu, Po\u0161tara, a tu je i Zgodni usamljeni \u0161treber. Svi likovi su joj dragi i simpati\u010dni i o svima saznaje ne\u0161to novo, promatraju\u0107i ih. Samo o Zgodnom usamljenom \u0161treberu ne uspijeva saznati ni\u0161ta, \u010dak ni nakon nekoliko tjedana. On ni s kim ne pri\u010da, sjedi sam, tipka po svom laptopu i \u010dini se totalno nesvjestan svega \u0161to se oko njega doga\u0111a. A onda jedan dan osvane oglas da kafi\u0107 tra\u017ei konobara\/konobaricu. To je za Klaru savr\u0161eno jer bi radila na mjestu koje je po\u010dela obo\u017eavati, s ljudima koje ve\u0107 gotovo sve poznaje i zna to\u010dno tko pije kakvu kavu, a Mladac s dreadlocksima joj se svi\u0111a i ve\u0107 ga zami\u0161lja kao mla\u0111eg brata. Uz to, kona\u010dno mo\u017ee saznati sve \u0161to \u017eeli o tom liku koji njezinim mislima ne daje mira ni danju ni no\u0107u. Da,<\/p>\n<p>Klara \u0107e kona\u010dno posti\u0107i da je Zgodni usamljeni \u0161treber primijeti, pa ne\u0107e vi\u0161e voditi zami\u0161ljene dijaloge s njim u svojoj glavi nego u\u017eivo, i tko zna, mo\u017eda ipak ima \u0161anse da njih dvoje ostvare njezin san i postanu par. Ima samo jedan problem u tom njezinu savr\u0161enu planu. Ona ne zna da Zgodni usamljeni \u0161treber ima Aspergerov sindrom, zbog kojeg se i pona\u0161a kao da \u017eivi u nekom svom svijetu u kojem nema mjesta ni za koga drugoga. A ne zna ni da je on vlasnik kafi\u0107a koji je toliko zavoljela.<\/p>\n","protected":false},"excerpt":{"rendered":"<p>Sa\u0161a Jak\u0161i\u0107 Naklada: Prof&amp;Graf Klara je neobi\u010dna mlada \u017eena koja je cijeli \u017eivot sanjala o tome da se preseli u gradi\u0107 na moru, gdje je ljetovala svake godine. Kada joj pukne film i shvati da ne mo\u017ee vi\u0161e kao socijalna radnica gledati svaki dan ljudsku nesre\u0107u, patnju, nasilje, ona ostavlja sve iza sebe, \u010dvrsto odlu\u010duju\u0107i&#8230;<\/p>\n","protected":false},"featured_media":988469,"template":"","meta":[],"product_cat":[86],"product_tag":[],"class_list":["post-988478","product","type-product","status-publish","has-post-thumbnail","hentry","product_cat-knjige"],"acf":[],"yoast_head":"<!-- This site is optimized with the Yoast SEO plugin v20.7 - https:\/\/yoast.com\/wordpress\/plugins\/seo\/ -->\n<title>Zgodni usamljeni \u0161treber - Panonski festival knjige<\/title>\n<meta name=\"robots\" content=\"index, follow, max-snippet:-1, max-image-preview:large, max-video-preview:-1\" \/>\n<link rel=\"canonical\" href=\"https:\/\/pfk.hr\/2023\/product\/zgodni-usamljeni-streber\/\" \/>\n<meta property=\"og:locale\" content=\"hr_HR\" \/>\n<meta property=\"og:type\" content=\"article\" \/>\n<meta property=\"og:title\" content=\"Zgodni usamljeni \u0161treber - Panonski festival knjige\" \/>\n<meta property=\"og:description\" content=\"Sa\u0161a Jak\u0161i\u0107 Naklada: Prof&amp;Graf Klara je neobi\u010dna mlada \u017eena koja je cijeli \u017eivot sanjala o tome da se preseli u gradi\u0107 na moru, gdje je ljetovala svake godine. Kada joj pukne film i shvati da ne mo\u017ee vi\u0161e kao socijalna radnica gledati svaki dan ljudsku nesre\u0107u, patnju, nasilje, ona ostavlja sve iza sebe, \u010dvrsto odlu\u010duju\u0107i...\" \/>\n<meta property=\"og:url\" content=\"https:\/\/pfk.hr\/2023\/product\/zgodni-usamljeni-streber\/\" \/>\n<meta property=\"og:site_name\" content=\"Panonski festival knjige\" \/>\n<meta property=\"article:modified_time\" content=\"2023-05-09T20:31:42+00:00\" \/>\n<meta property=\"og:image\" content=\"https:\/\/pfk.hr\/2023\/wp-content\/uploads\/2023\/05\/10.png\" \/>\n\t<meta property=\"og:image:width\" content=\"500\" \/>\n\t<meta property=\"og:image:height\" content=\"500\" \/>\n\t<meta property=\"og:image:type\" content=\"image\/png\" \/>\n<meta name=\"twitter:card\" content=\"summary_large_image\" \/>\n<meta name=\"twitter:label1\" content=\"Procijenjeno vrijeme \u010ditanja\" \/>\n\t<meta name=\"twitter:data1\" content=\"2 minute\" \/>\n<script type=\"application\/ld+json\" class=\"yoast-schema-graph\">{\"@context\":\"https:\/\/schema.org\",\"@graph\":[{\"@type\":\"WebPage\",\"@id\":\"https:\/\/pfk.hr\/2023\/product\/zgodni-usamljeni-streber\/\",\"url\":\"https:\/\/pfk.hr\/2023\/product\/zgodni-usamljeni-streber\/\",\"name\":\"Zgodni usamljeni \u0161treber - Panonski festival knjige\",\"isPartOf\":{\"@id\":\"https:\/\/pfk.hr\/2023\/#website\"},\"datePublished\":\"2023-05-09T20:29:47+00:00\",\"dateModified\":\"2023-05-09T20:31:42+00:00\",\"breadcrumb\":{\"@id\":\"https:\/\/pfk.hr\/2023\/product\/zgodni-usamljeni-streber\/#breadcrumb\"},\"inLanguage\":\"hr\",\"potentialAction\":[{\"@type\":\"ReadAction\",\"target\":[\"https:\/\/pfk.hr\/2023\/product\/zgodni-usamljeni-streber\/\"]}]},{\"@type\":\"BreadcrumbList\",\"@id\":\"https:\/\/pfk.hr\/2023\/product\/zgodni-usamljeni-streber\/#breadcrumb\",\"itemListElement\":[{\"@type\":\"ListItem\",\"position\":1,\"name\":\"Po\u010detna stranica\",\"item\":\"https:\/\/pfk.hr\/2023\/\"},{\"@type\":\"ListItem\",\"position\":2,\"name\":\"Preporuka naslova\",\"item\":\"https:\/\/pfk.hr\/2023\/preporuka-naslova\/\"},{\"@type\":\"ListItem\",\"position\":3,\"name\":\"Zgodni usamljeni \u0161treber\"}]},{\"@type\":\"WebSite\",\"@id\":\"https:\/\/pfk.hr\/2023\/#website\",\"url\":\"https:\/\/pfk.hr\/2023\/\",\"name\":\"Panonski festival knjige\",\"description\":\"\u010cITAJ, LEGA, \u010cITAJ!\",\"potentialAction\":[{\"@type\":\"SearchAction\",\"target\":{\"@type\":\"EntryPoint\",\"urlTemplate\":\"https:\/\/pfk.hr\/2023\/?s={search_term_string}\"},\"query-input\":\"required name=search_term_string\"}],\"inLanguage\":\"hr\"}]}<\/script>\n<!-- \/ Yoast SEO plugin. -->","yoast_head_json":{"title":"Zgodni usamljeni \u0161treber - Panonski festival knjige","robots":{"index":"index","follow":"follow","max-snippet":"max-snippet:-1","max-image-preview":"max-image-preview:large","max-video-preview":"max-video-preview:-1"},"canonical":"https:\/\/pfk.hr\/2023\/product\/zgodni-usamljeni-streber\/","og_locale":"hr_HR","og_type":"article","og_title":"Zgodni usamljeni \u0161treber - Panonski festival knjige","og_description":"Sa\u0161a Jak\u0161i\u0107 Naklada: Prof&amp;Graf Klara je neobi\u010dna mlada \u017eena koja je cijeli \u017eivot sanjala o tome da se preseli u gradi\u0107 na moru, gdje je ljetovala svake godine. Kada joj pukne film i shvati da ne mo\u017ee vi\u0161e kao socijalna radnica gledati svaki dan ljudsku nesre\u0107u, patnju, nasilje, ona ostavlja sve iza sebe, \u010dvrsto odlu\u010duju\u0107i...","og_url":"https:\/\/pfk.hr\/2023\/product\/zgodni-usamljeni-streber\/","og_site_name":"Panonski festival knjige","article_modified_time":"2023-05-09T20:31:42+00:00","og_image":[{"width":500,"height":500,"url":"https:\/\/pfk.hr\/2023\/wp-content\/uploads\/2023\/05\/10.png","type":"image\/png"}],"twitter_card":"summary_large_image","twitter_misc":{"Procijenjeno vrijeme \u010ditanja":"2 minute"},"schema":{"@context":"https:\/\/schema.org","@graph":[{"@type":"WebPage","@id":"https:\/\/pfk.hr\/2023\/product\/zgodni-usamljeni-streber\/","url":"https:\/\/pfk.hr\/2023\/product\/zgodni-usamljeni-streber\/","name":"Zgodni usamljeni \u0161treber - Panonski festival knjige","isPartOf":{"@id":"https:\/\/pfk.hr\/2023\/#website"},"datePublished":"2023-05-09T20:29:47+00:00","dateModified":"2023-05-09T20:31:42+00:00","breadcrumb":{"@id":"https:\/\/pfk.hr\/2023\/product\/zgodni-usamljeni-streber\/#breadcrumb"},"inLanguage":"hr","potentialAction":[{"@type":"ReadAction","target":["https:\/\/pfk.hr\/2023\/product\/zgodni-usamljeni-streber\/"]}]},{"@type":"BreadcrumbList","@id":"https:\/\/pfk.hr\/2023\/product\/zgodni-usamljeni-streber\/#breadcrumb","itemListElement":[{"@type":"ListItem","position":1,"name":"Po\u010detna stranica","item":"https:\/\/pfk.hr\/2023\/"},{"@type":"ListItem","position":2,"name":"Preporuka naslova","item":"https:\/\/pfk.hr\/2023\/preporuka-naslova\/"},{"@type":"ListItem","position":3,"name":"Zgodni usamljeni \u0161treber"}]},{"@type":"WebSite","@id":"https:\/\/pfk.hr\/2023\/#website","url":"https:\/\/pfk.hr\/2023\/","name":"Panonski festival knjige","description":"\u010cITAJ, LEGA, \u010cITAJ!","potentialAction":[{"@type":"SearchAction","target":{"@type":"EntryPoint","urlTemplate":"https:\/\/pfk.hr\/2023\/?s={search_term_string}"},"query-input":"required name=search_term_string"}],"inLanguage":"hr"}]}},"_links":{"self":[{"href":"https:\/\/pfk.hr\/2023\/wp-json\/wp\/v2\/product\/988478","targetHints":{"allow":["GET"]}}],"collection":[{"href":"https:\/\/pfk.hr\/2023\/wp-json\/wp\/v2\/product"}],"about":[{"href":"https:\/\/pfk.hr\/2023\/wp-json\/wp\/v2\/types\/product"}],"wp:featuredmedia":[{"embeddable":true,"href":"https:\/\/pfk.hr\/2023\/wp-json\/wp\/v2\/media\/988469"}],"wp:attachment":[{"href":"https:\/\/pfk.hr\/2023\/wp-json\/wp\/v2\/media?parent=988478"}],"wp:term":[{"taxonomy":"product_cat","embeddable":true,"href":"https:\/\/pfk.hr\/2023\/wp-json\/wp\/v2\/product_cat?post=988478"},{"taxonomy":"product_tag","embeddable":true,"href":"https:\/\/pfk.hr\/2023\/wp-json\/wp\/v2\/product_tag?post=988478"}],"curies":[{"name":"wp","href":"https:\/\/api.w.org\/{rel}","templated":true}]}}