{"id":988474,"date":"2023-05-09T22:17:00","date_gmt":"2023-05-09T20:17:00","guid":{"rendered":"https:\/\/pfk.hr\/?post_type=product&#038;p=988474"},"modified":"2023-05-09T22:18:03","modified_gmt":"2023-05-09T20:18:03","slug":"jezeva-kucica-klasik","status":"publish","type":"product","link":"https:\/\/pfk.hr\/2023\/product\/jezeva-kucica-klasik\/","title":{"rendered":"Je\u017eeva ku\u0107ica \u2013 klasik"},"content":{"rendered":"<div class=\"hHq9Z\">\n<div data-hveid=\"CAsQAA\">\n<div class=\"gyEfO\">\n<div class=\"wDYxhc NFQFxe viOShc LKPcQc\" data-md=\"221\" data-hveid=\"CAkQAA\" data-ved=\"2ahUKEwjJ7dyf2-P-AhX5wQIHHf6aC2MQnKEBegQICRAA\">\n<div class=\"ZxoDOe yGdMVd\">\n<div class=\"UFE1qd\">\n<div class=\"EGmpye\">\n<p>Branko \u0106opi\u0107<\/p>\n<\/div>\n<\/div>\n<\/div>\n<\/div>\n<\/div>\n<\/div>\n<\/div>\n<div class=\"GRl5yb a8pxAe\">\n<div id=\"JTPWx\" class=\"FJIcp\" role=\"tablist\" data-hveid=\"CA0QAA\">Naklada: Na\u0161a Djeca<\/div>\n<\/div>\n<hr \/>\n<p style=\"text-align: left;\">Po \u0161umi, \u0161irom, bez staze, puta, Je\u017eurka Je\u017ei\u0107 povazdan luta. Lovom se bavi, \u010desto ga vide, s trista kopalja na juri\u0161 ide. Jedna od najljep\u0161ih pri\u010da u stihu za male i velike, koja je oplemenila mnoge nara\u0161taje univerzalnom porukom o ljubavi prema vlastitome domu. Svevremenski stihovi Branka \u0106opi\u0107a popra\u0107eni su vrhunskim ilustracijama Vilka Glihe Selana, upravo onima koje svi prepoznajemo kao Je\u017eurkino originalno ruho.<\/p>\n","protected":false},"excerpt":{"rendered":"<p>Branko \u0106opi\u0107 Naklada: Na\u0161a Djeca Po \u0161umi, \u0161irom, bez staze, puta, Je\u017eurka Je\u017ei\u0107 povazdan luta. Lovom se bavi, \u010desto ga vide, s trista kopalja na juri\u0161 ide. Jedna od najljep\u0161ih pri\u010da u stihu za male i velike, koja je oplemenila mnoge nara\u0161taje univerzalnom porukom o ljubavi prema vlastitome domu. Svevremenski stihovi Branka \u0106opi\u0107a popra\u0107eni su&#8230;<\/p>\n","protected":false},"featured_media":988467,"template":"","meta":[],"product_cat":[86],"product_tag":[],"class_list":["post-988474","product","type-product","status-publish","has-post-thumbnail","hentry","product_cat-knjige"],"acf":[],"yoast_head":"<!-- This site is optimized with the Yoast SEO plugin v20.7 - https:\/\/yoast.com\/wordpress\/plugins\/seo\/ -->\n<title>Je\u017eeva ku\u0107ica \u2013 klasik - Panonski festival knjige<\/title>\n<meta name=\"robots\" content=\"index, follow, max-snippet:-1, max-image-preview:large, max-video-preview:-1\" \/>\n<link rel=\"canonical\" href=\"https:\/\/pfk.hr\/2023\/product\/jezeva-kucica-klasik\/\" \/>\n<meta property=\"og:locale\" content=\"hr_HR\" \/>\n<meta property=\"og:type\" content=\"article\" \/>\n<meta property=\"og:title\" content=\"Je\u017eeva ku\u0107ica \u2013 klasik - Panonski festival knjige\" \/>\n<meta property=\"og:description\" content=\"Branko \u0106opi\u0107 Naklada: Na\u0161a Djeca Po \u0161umi, \u0161irom, bez staze, puta, Je\u017eurka Je\u017ei\u0107 povazdan luta. Lovom se bavi, \u010desto ga vide, s trista kopalja na juri\u0161 ide. Jedna od najljep\u0161ih pri\u010da u stihu za male i velike, koja je oplemenila mnoge nara\u0161taje univerzalnom porukom o ljubavi prema vlastitome domu. Svevremenski stihovi Branka \u0106opi\u0107a popra\u0107eni su...\" \/>\n<meta property=\"og:url\" content=\"https:\/\/pfk.hr\/2023\/product\/jezeva-kucica-klasik\/\" \/>\n<meta property=\"og:site_name\" content=\"Panonski festival knjige\" \/>\n<meta property=\"article:modified_time\" content=\"2023-05-09T20:18:03+00:00\" \/>\n<meta property=\"og:image\" content=\"https:\/\/pfk.hr\/2023\/wp-content\/uploads\/2023\/05\/9.png\" \/>\n\t<meta property=\"og:image:width\" content=\"500\" \/>\n\t<meta property=\"og:image:height\" content=\"500\" \/>\n\t<meta property=\"og:image:type\" content=\"image\/png\" \/>\n<meta name=\"twitter:card\" content=\"summary_large_image\" \/>\n<script type=\"application\/ld+json\" class=\"yoast-schema-graph\">{\"@context\":\"https:\/\/schema.org\",\"@graph\":[{\"@type\":\"WebPage\",\"@id\":\"https:\/\/pfk.hr\/2023\/product\/jezeva-kucica-klasik\/\",\"url\":\"https:\/\/pfk.hr\/2023\/product\/jezeva-kucica-klasik\/\",\"name\":\"Je\u017eeva ku\u0107ica \u2013 klasik - Panonski festival knjige\",\"isPartOf\":{\"@id\":\"https:\/\/pfk.hr\/2023\/#website\"},\"datePublished\":\"2023-05-09T20:17:00+00:00\",\"dateModified\":\"2023-05-09T20:18:03+00:00\",\"breadcrumb\":{\"@id\":\"https:\/\/pfk.hr\/2023\/product\/jezeva-kucica-klasik\/#breadcrumb\"},\"inLanguage\":\"hr\",\"potentialAction\":[{\"@type\":\"ReadAction\",\"target\":[\"https:\/\/pfk.hr\/2023\/product\/jezeva-kucica-klasik\/\"]}]},{\"@type\":\"BreadcrumbList\",\"@id\":\"https:\/\/pfk.hr\/2023\/product\/jezeva-kucica-klasik\/#breadcrumb\",\"itemListElement\":[{\"@type\":\"ListItem\",\"position\":1,\"name\":\"Po\u010detna stranica\",\"item\":\"https:\/\/pfk.hr\/2023\/\"},{\"@type\":\"ListItem\",\"position\":2,\"name\":\"Preporuka naslova\",\"item\":\"https:\/\/pfk.hr\/2023\/preporuka-naslova\/\"},{\"@type\":\"ListItem\",\"position\":3,\"name\":\"Je\u017eeva ku\u0107ica \u2013 klasik\"}]},{\"@type\":\"WebSite\",\"@id\":\"https:\/\/pfk.hr\/2023\/#website\",\"url\":\"https:\/\/pfk.hr\/2023\/\",\"name\":\"Panonski festival knjige\",\"description\":\"\u010cITAJ, LEGA, \u010cITAJ!\",\"potentialAction\":[{\"@type\":\"SearchAction\",\"target\":{\"@type\":\"EntryPoint\",\"urlTemplate\":\"https:\/\/pfk.hr\/2023\/?s={search_term_string}\"},\"query-input\":\"required name=search_term_string\"}],\"inLanguage\":\"hr\"}]}<\/script>\n<!-- \/ Yoast SEO plugin. -->","yoast_head_json":{"title":"Je\u017eeva ku\u0107ica \u2013 klasik - Panonski festival knjige","robots":{"index":"index","follow":"follow","max-snippet":"max-snippet:-1","max-image-preview":"max-image-preview:large","max-video-preview":"max-video-preview:-1"},"canonical":"https:\/\/pfk.hr\/2023\/product\/jezeva-kucica-klasik\/","og_locale":"hr_HR","og_type":"article","og_title":"Je\u017eeva ku\u0107ica \u2013 klasik - Panonski festival knjige","og_description":"Branko \u0106opi\u0107 Naklada: Na\u0161a Djeca Po \u0161umi, \u0161irom, bez staze, puta, Je\u017eurka Je\u017ei\u0107 povazdan luta. Lovom se bavi, \u010desto ga vide, s trista kopalja na juri\u0161 ide. Jedna od najljep\u0161ih pri\u010da u stihu za male i velike, koja je oplemenila mnoge nara\u0161taje univerzalnom porukom o ljubavi prema vlastitome domu. Svevremenski stihovi Branka \u0106opi\u0107a popra\u0107eni su...","og_url":"https:\/\/pfk.hr\/2023\/product\/jezeva-kucica-klasik\/","og_site_name":"Panonski festival knjige","article_modified_time":"2023-05-09T20:18:03+00:00","og_image":[{"width":500,"height":500,"url":"https:\/\/pfk.hr\/2023\/wp-content\/uploads\/2023\/05\/9.png","type":"image\/png"}],"twitter_card":"summary_large_image","schema":{"@context":"https:\/\/schema.org","@graph":[{"@type":"WebPage","@id":"https:\/\/pfk.hr\/2023\/product\/jezeva-kucica-klasik\/","url":"https:\/\/pfk.hr\/2023\/product\/jezeva-kucica-klasik\/","name":"Je\u017eeva ku\u0107ica \u2013 klasik - Panonski festival knjige","isPartOf":{"@id":"https:\/\/pfk.hr\/2023\/#website"},"datePublished":"2023-05-09T20:17:00+00:00","dateModified":"2023-05-09T20:18:03+00:00","breadcrumb":{"@id":"https:\/\/pfk.hr\/2023\/product\/jezeva-kucica-klasik\/#breadcrumb"},"inLanguage":"hr","potentialAction":[{"@type":"ReadAction","target":["https:\/\/pfk.hr\/2023\/product\/jezeva-kucica-klasik\/"]}]},{"@type":"BreadcrumbList","@id":"https:\/\/pfk.hr\/2023\/product\/jezeva-kucica-klasik\/#breadcrumb","itemListElement":[{"@type":"ListItem","position":1,"name":"Po\u010detna stranica","item":"https:\/\/pfk.hr\/2023\/"},{"@type":"ListItem","position":2,"name":"Preporuka naslova","item":"https:\/\/pfk.hr\/2023\/preporuka-naslova\/"},{"@type":"ListItem","position":3,"name":"Je\u017eeva ku\u0107ica \u2013 klasik"}]},{"@type":"WebSite","@id":"https:\/\/pfk.hr\/2023\/#website","url":"https:\/\/pfk.hr\/2023\/","name":"Panonski festival knjige","description":"\u010cITAJ, LEGA, \u010cITAJ!","potentialAction":[{"@type":"SearchAction","target":{"@type":"EntryPoint","urlTemplate":"https:\/\/pfk.hr\/2023\/?s={search_term_string}"},"query-input":"required name=search_term_string"}],"inLanguage":"hr"}]}},"_links":{"self":[{"href":"https:\/\/pfk.hr\/2023\/wp-json\/wp\/v2\/product\/988474","targetHints":{"allow":["GET"]}}],"collection":[{"href":"https:\/\/pfk.hr\/2023\/wp-json\/wp\/v2\/product"}],"about":[{"href":"https:\/\/pfk.hr\/2023\/wp-json\/wp\/v2\/types\/product"}],"wp:featuredmedia":[{"embeddable":true,"href":"https:\/\/pfk.hr\/2023\/wp-json\/wp\/v2\/media\/988467"}],"wp:attachment":[{"href":"https:\/\/pfk.hr\/2023\/wp-json\/wp\/v2\/media?parent=988474"}],"wp:term":[{"taxonomy":"product_cat","embeddable":true,"href":"https:\/\/pfk.hr\/2023\/wp-json\/wp\/v2\/product_cat?post=988474"},{"taxonomy":"product_tag","embeddable":true,"href":"https:\/\/pfk.hr\/2023\/wp-json\/wp\/v2\/product_tag?post=988474"}],"curies":[{"name":"wp","href":"https:\/\/api.w.org\/{rel}","templated":true}]}}