{"id":988456,"date":"2023-05-09T21:54:21","date_gmt":"2023-05-09T19:54:21","guid":{"rendered":"https:\/\/pfk.hr\/?post_type=product&#038;p=988456"},"modified":"2023-05-09T22:15:32","modified_gmt":"2023-05-09T20:15:32","slug":"ritam-odlazaka","status":"publish","type":"product","link":"https:\/\/pfk.hr\/2023\/product\/ritam-odlazaka\/","title":{"rendered":"Ritam odlazaka"},"content":{"rendered":"<div class=\"hHq9Z\">\n<div data-hveid=\"CAsQAA\">\n<div class=\"gyEfO\">\n<div class=\"wDYxhc NFQFxe viOShc LKPcQc\" data-md=\"221\" data-hveid=\"CAkQAA\" data-ved=\"2ahUKEwjJ7dyf2-P-AhX5wQIHHf6aC2MQnKEBegQICRAA\">\n<div class=\"ZxoDOe yGdMVd\">\n<div class=\"UFE1qd\">\n<div class=\"EGmpye\">\n<p><strong>Vlasta Golub<\/strong><\/p>\n<\/div>\n<\/div>\n<\/div>\n<\/div>\n<\/div>\n<\/div>\n<\/div>\n<div class=\"GRl5yb a8pxAe\">\n<div id=\"JTPWx\" class=\"FJIcp\" role=\"tablist\" data-hveid=\"CA0QAA\">Naklada: Disput<\/div>\n<\/div>\n<hr \/>\n<p style=\"text-align: left;\">Pripovjedna struktura romana Ritam odlazaka temelji se na ulan\u010danom nizu reminiscencija, poetski intoniranih fragmenata u vidu bljeskova sje\u0107anja \u010detiriju protagonistica.<\/p>\n<p>Obiteljska povezanost me\u0111u likovima ostaje zamu\u0107ena u prvoj polovici romana, prepu\u0161tena \u010ditateljevoj \u017eudnji za gotovo detektivskim iznala\u017eenjem narativne logike u tijeku radnje. Me\u0111utim, vrlo brzo postaje jasno da se radi o romanu \u010dija je centralna tema neka vrsta transgeneracijske traume koja se prenosi \u017eenskom nasljednom linijom; drugim rije\u010dima, u sredi\u0161tu je opisanih zbivanja prijenos pre\u0161u\u0107enog svjedo\u010danstva specifi\u010dnog rodnog iskustva, uvelike obilje\u017eenog ukotvljeno\u0161\u0107u u ve\u0107inom ruralnu i\/ili provincijsku sredinu. (\u2026) Trauma koju, svaka na svoj na\u010din, podnose i Vera i Ana posljedica je represivnog patrijarhalnog odgoja sredinom 20. stolje\u0107a.<\/p>\n<p>Navedeni kontekst ostavlja razoran trag na mentalnom zdravlju obiju \u017eena, produ\u017euju\u0107i nanesenu im bol dodatnom stigmatizacijom njihova tobo\u017enjeg ludila od strane okoline, kao i dru\u0161tvenom osudom \u201clo\u0161eg\u201d i nepotpunog maj\u010dinstva ili, \u0161to je jo\u0161 va\u017enije, neuspjehom njegove adekvatne reprezentacije.<\/p>\n<p style=\"text-align: left;\">\/iz pogovora Dore Golub\/<\/p>\n","protected":false},"excerpt":{"rendered":"<p>Vlasta Golub Naklada: Disput Pripovjedna struktura romana Ritam odlazaka temelji se na ulan\u010danom nizu reminiscencija, poetski intoniranih fragmenata u vidu bljeskova sje\u0107anja \u010detiriju protagonistica. Obiteljska povezanost me\u0111u likovima ostaje zamu\u0107ena u prvoj polovici romana, prepu\u0161tena \u010ditateljevoj \u017eudnji za gotovo detektivskim iznala\u017eenjem narativne logike u tijeku radnje. Me\u0111utim, vrlo brzo postaje jasno da se radi o&#8230;<\/p>\n","protected":false},"featured_media":988462,"template":"","meta":[],"product_cat":[86],"product_tag":[],"class_list":["post-988456","product","type-product","status-publish","has-post-thumbnail","hentry","product_cat-knjige"],"acf":[],"yoast_head":"<!-- This site is optimized with the Yoast SEO plugin v20.7 - https:\/\/yoast.com\/wordpress\/plugins\/seo\/ -->\n<title>Ritam odlazaka - Panonski festival knjige<\/title>\n<meta name=\"robots\" content=\"index, follow, max-snippet:-1, max-image-preview:large, max-video-preview:-1\" \/>\n<link rel=\"canonical\" href=\"https:\/\/pfk.hr\/2023\/product\/ritam-odlazaka\/\" \/>\n<meta property=\"og:locale\" content=\"hr_HR\" \/>\n<meta property=\"og:type\" content=\"article\" \/>\n<meta property=\"og:title\" content=\"Ritam odlazaka - Panonski festival knjige\" \/>\n<meta property=\"og:description\" content=\"Vlasta Golub Naklada: Disput Pripovjedna struktura romana Ritam odlazaka temelji se na ulan\u010danom nizu reminiscencija, poetski intoniranih fragmenata u vidu bljeskova sje\u0107anja \u010detiriju protagonistica. Obiteljska povezanost me\u0111u likovima ostaje zamu\u0107ena u prvoj polovici romana, prepu\u0161tena \u010ditateljevoj \u017eudnji za gotovo detektivskim iznala\u017eenjem narativne logike u tijeku radnje. Me\u0111utim, vrlo brzo postaje jasno da se radi o...\" \/>\n<meta property=\"og:url\" content=\"https:\/\/pfk.hr\/2023\/product\/ritam-odlazaka\/\" \/>\n<meta property=\"og:site_name\" content=\"Panonski festival knjige\" \/>\n<meta property=\"article:modified_time\" content=\"2023-05-09T20:15:32+00:00\" \/>\n<meta property=\"og:image\" content=\"https:\/\/pfk.hr\/2023\/wp-content\/uploads\/2023\/05\/15.png\" \/>\n\t<meta property=\"og:image:width\" content=\"500\" \/>\n\t<meta property=\"og:image:height\" content=\"500\" \/>\n\t<meta property=\"og:image:type\" content=\"image\/png\" \/>\n<meta name=\"twitter:card\" content=\"summary_large_image\" \/>\n<meta name=\"twitter:label1\" content=\"Procijenjeno vrijeme \u010ditanja\" \/>\n\t<meta name=\"twitter:data1\" content=\"1 minuta\" \/>\n<script type=\"application\/ld+json\" class=\"yoast-schema-graph\">{\"@context\":\"https:\/\/schema.org\",\"@graph\":[{\"@type\":\"WebPage\",\"@id\":\"https:\/\/pfk.hr\/2023\/product\/ritam-odlazaka\/\",\"url\":\"https:\/\/pfk.hr\/2023\/product\/ritam-odlazaka\/\",\"name\":\"Ritam odlazaka - Panonski festival knjige\",\"isPartOf\":{\"@id\":\"https:\/\/pfk.hr\/2023\/#website\"},\"datePublished\":\"2023-05-09T19:54:21+00:00\",\"dateModified\":\"2023-05-09T20:15:32+00:00\",\"breadcrumb\":{\"@id\":\"https:\/\/pfk.hr\/2023\/product\/ritam-odlazaka\/#breadcrumb\"},\"inLanguage\":\"hr\",\"potentialAction\":[{\"@type\":\"ReadAction\",\"target\":[\"https:\/\/pfk.hr\/2023\/product\/ritam-odlazaka\/\"]}]},{\"@type\":\"BreadcrumbList\",\"@id\":\"https:\/\/pfk.hr\/2023\/product\/ritam-odlazaka\/#breadcrumb\",\"itemListElement\":[{\"@type\":\"ListItem\",\"position\":1,\"name\":\"Po\u010detna stranica\",\"item\":\"https:\/\/pfk.hr\/2023\/\"},{\"@type\":\"ListItem\",\"position\":2,\"name\":\"Preporuka naslova\",\"item\":\"https:\/\/pfk.hr\/2023\/preporuka-naslova\/\"},{\"@type\":\"ListItem\",\"position\":3,\"name\":\"Ritam odlazaka\"}]},{\"@type\":\"WebSite\",\"@id\":\"https:\/\/pfk.hr\/2023\/#website\",\"url\":\"https:\/\/pfk.hr\/2023\/\",\"name\":\"Panonski festival knjige\",\"description\":\"\u010cITAJ, LEGA, \u010cITAJ!\",\"potentialAction\":[{\"@type\":\"SearchAction\",\"target\":{\"@type\":\"EntryPoint\",\"urlTemplate\":\"https:\/\/pfk.hr\/2023\/?s={search_term_string}\"},\"query-input\":\"required name=search_term_string\"}],\"inLanguage\":\"hr\"}]}<\/script>\n<!-- \/ Yoast SEO plugin. -->","yoast_head_json":{"title":"Ritam odlazaka - Panonski festival knjige","robots":{"index":"index","follow":"follow","max-snippet":"max-snippet:-1","max-image-preview":"max-image-preview:large","max-video-preview":"max-video-preview:-1"},"canonical":"https:\/\/pfk.hr\/2023\/product\/ritam-odlazaka\/","og_locale":"hr_HR","og_type":"article","og_title":"Ritam odlazaka - Panonski festival knjige","og_description":"Vlasta Golub Naklada: Disput Pripovjedna struktura romana Ritam odlazaka temelji se na ulan\u010danom nizu reminiscencija, poetski intoniranih fragmenata u vidu bljeskova sje\u0107anja \u010detiriju protagonistica. Obiteljska povezanost me\u0111u likovima ostaje zamu\u0107ena u prvoj polovici romana, prepu\u0161tena \u010ditateljevoj \u017eudnji za gotovo detektivskim iznala\u017eenjem narativne logike u tijeku radnje. Me\u0111utim, vrlo brzo postaje jasno da se radi o...","og_url":"https:\/\/pfk.hr\/2023\/product\/ritam-odlazaka\/","og_site_name":"Panonski festival knjige","article_modified_time":"2023-05-09T20:15:32+00:00","og_image":[{"width":500,"height":500,"url":"https:\/\/pfk.hr\/2023\/wp-content\/uploads\/2023\/05\/15.png","type":"image\/png"}],"twitter_card":"summary_large_image","twitter_misc":{"Procijenjeno vrijeme \u010ditanja":"1 minuta"},"schema":{"@context":"https:\/\/schema.org","@graph":[{"@type":"WebPage","@id":"https:\/\/pfk.hr\/2023\/product\/ritam-odlazaka\/","url":"https:\/\/pfk.hr\/2023\/product\/ritam-odlazaka\/","name":"Ritam odlazaka - Panonski festival knjige","isPartOf":{"@id":"https:\/\/pfk.hr\/2023\/#website"},"datePublished":"2023-05-09T19:54:21+00:00","dateModified":"2023-05-09T20:15:32+00:00","breadcrumb":{"@id":"https:\/\/pfk.hr\/2023\/product\/ritam-odlazaka\/#breadcrumb"},"inLanguage":"hr","potentialAction":[{"@type":"ReadAction","target":["https:\/\/pfk.hr\/2023\/product\/ritam-odlazaka\/"]}]},{"@type":"BreadcrumbList","@id":"https:\/\/pfk.hr\/2023\/product\/ritam-odlazaka\/#breadcrumb","itemListElement":[{"@type":"ListItem","position":1,"name":"Po\u010detna stranica","item":"https:\/\/pfk.hr\/2023\/"},{"@type":"ListItem","position":2,"name":"Preporuka naslova","item":"https:\/\/pfk.hr\/2023\/preporuka-naslova\/"},{"@type":"ListItem","position":3,"name":"Ritam odlazaka"}]},{"@type":"WebSite","@id":"https:\/\/pfk.hr\/2023\/#website","url":"https:\/\/pfk.hr\/2023\/","name":"Panonski festival knjige","description":"\u010cITAJ, LEGA, \u010cITAJ!","potentialAction":[{"@type":"SearchAction","target":{"@type":"EntryPoint","urlTemplate":"https:\/\/pfk.hr\/2023\/?s={search_term_string}"},"query-input":"required name=search_term_string"}],"inLanguage":"hr"}]}},"_links":{"self":[{"href":"https:\/\/pfk.hr\/2023\/wp-json\/wp\/v2\/product\/988456","targetHints":{"allow":["GET"]}}],"collection":[{"href":"https:\/\/pfk.hr\/2023\/wp-json\/wp\/v2\/product"}],"about":[{"href":"https:\/\/pfk.hr\/2023\/wp-json\/wp\/v2\/types\/product"}],"wp:featuredmedia":[{"embeddable":true,"href":"https:\/\/pfk.hr\/2023\/wp-json\/wp\/v2\/media\/988462"}],"wp:attachment":[{"href":"https:\/\/pfk.hr\/2023\/wp-json\/wp\/v2\/media?parent=988456"}],"wp:term":[{"taxonomy":"product_cat","embeddable":true,"href":"https:\/\/pfk.hr\/2023\/wp-json\/wp\/v2\/product_cat?post=988456"},{"taxonomy":"product_tag","embeddable":true,"href":"https:\/\/pfk.hr\/2023\/wp-json\/wp\/v2\/product_tag?post=988456"}],"curies":[{"name":"wp","href":"https:\/\/api.w.org\/{rel}","templated":true}]}}